{"id":3281,"date":"2021-05-24T20:51:46","date_gmt":"2021-05-24T20:51:46","guid":{"rendered":"http:\/\/www.inesa.com.do\/?post_type=product&#038;p=3281"},"modified":"2021-05-24T21:39:50","modified_gmt":"2021-05-24T21:39:50","slug":"jergens-instant-sun-light-bronze","status":"publish","type":"product","link":"https:\/\/www.inesa.com.do\/?product=jergens-instant-sun-light-bronze","title":{"rendered":"Jergens Instant Sun Light Bronze"},"content":{"rendered":"<p>&nbsp;<\/p>\n<p>El mousse autobronceador JERGENS\u00ae Natural Glow\u00ae Sol al Instante utiliza un avanzado complejo de color que interact\u00faa de manera \u00fanica con tu tono de piel para imitar los resultados que obtendr\u00edas con el sol natural. Este ligero mousse humectante permite una aplicaci\u00f3n precisa y uniforme que se seca en solo 60 segundos.<\/p>\n","protected":false},"excerpt":{"rendered":"<p>Color impecable de aspecto natural, en un instante<\/p>\n","protected":false},"featured_media":3282,"comment_status":"open","ping_status":"closed","template":"","meta":[],"product_cat":[133,178],"product_tag":[179,174,184],"_links":{"self":[{"href":"https:\/\/www.inesa.com.do\/index.php?rest_route=\/wp\/v2\/product\/3281"}],"collection":[{"href":"https:\/\/www.inesa.com.do\/index.php?rest_route=\/wp\/v2\/product"}],"about":[{"href":"https:\/\/www.inesa.com.do\/index.php?rest_route=\/wp\/v2\/types\/product"}],"replies":[{"embeddable":true,"href":"https:\/\/www.inesa.com.do\/index.php?rest_route=%2Fwp%2Fv2%2Fcomments&post=3281"}],"version-history":[{"count":2,"href":"https:\/\/www.inesa.com.do\/index.php?rest_route=\/wp\/v2\/product\/3281\/revisions"}],"predecessor-version":[{"id":3319,"href":"https:\/\/www.inesa.com.do\/index.php?rest_route=\/wp\/v2\/product\/3281\/revisions\/3319"}],"wp:featuredmedia":[{"embeddable":true,"href":"https:\/\/www.inesa.com.do\/index.php?rest_route=\/wp\/v2\/media\/3282"}],"wp:attachment":[{"href":"https:\/\/www.inesa.com.do\/index.php?rest_route=%2Fwp%2Fv2%2Fmedia&parent=3281"}],"wp:term":[{"taxonomy":"product_cat","embeddable":true,"href":"https:\/\/www.inesa.com.do\/index.php?rest_route=%2Fwp%2Fv2%2Fproduct_cat&post=3281"},{"taxonomy":"product_tag","embeddable":true,"href":"https:\/\/www.inesa.com.do\/index.php?rest_route=%2Fwp%2Fv2%2Fproduct_tag&post=3281"}],"curies":[{"name":"wp","href":"https:\/\/api.w.org\/{rel}","templated":true}]}}