{"id":3313,"date":"2021-05-24T21:32:38","date_gmt":"2021-05-24T21:32:38","guid":{"rendered":"http:\/\/www.inesa.com.do\/?post_type=product&#038;p=3313"},"modified":"2024-07-08T21:01:10","modified_gmt":"2024-07-09T01:01:10","slug":"jergens-miel-nutritiva","status":"publish","type":"product","link":"https:\/\/www.inesa.com.do\/?product=jergens-miel-nutritiva","title":{"rendered":"Jergens Miel Nutritiva"},"content":{"rendered":"<p>Con esencia de miel y azahar, esta f\u00f3rmula hidrata y suaviza para revelar una piel profundamente nutrida y visiblemente m\u00e1s suave.<\/p>\n<p>F\u00f3rmula exclusiva que contiene una resplandeciente mezcla Hydralucence.<\/p>\n<p>Util\u00edzala todos los d\u00edas para tener una piel profundamente luminosa y visiblemente m\u00e1s suave.<\/p>\n","protected":false},"excerpt":{"rendered":"<p>Util\u00edzala todos los d\u00edas para tener una piel profundamente luminosa y visiblemente m\u00e1s suave.<\/p>\n","protected":false},"featured_media":3314,"comment_status":"open","ping_status":"closed","template":"","meta":[],"product_cat":[134,133],"product_tag":[174,189,190],"_links":{"self":[{"href":"https:\/\/www.inesa.com.do\/index.php?rest_route=\/wp\/v2\/product\/3313"}],"collection":[{"href":"https:\/\/www.inesa.com.do\/index.php?rest_route=\/wp\/v2\/product"}],"about":[{"href":"https:\/\/www.inesa.com.do\/index.php?rest_route=\/wp\/v2\/types\/product"}],"replies":[{"embeddable":true,"href":"https:\/\/www.inesa.com.do\/index.php?rest_route=%2Fwp%2Fv2%2Fcomments&post=3313"}],"version-history":[{"count":2,"href":"https:\/\/www.inesa.com.do\/index.php?rest_route=\/wp\/v2\/product\/3313\/revisions"}],"predecessor-version":[{"id":3321,"href":"https:\/\/www.inesa.com.do\/index.php?rest_route=\/wp\/v2\/product\/3313\/revisions\/3321"}],"wp:featuredmedia":[{"embeddable":true,"href":"https:\/\/www.inesa.com.do\/index.php?rest_route=\/wp\/v2\/media\/3314"}],"wp:attachment":[{"href":"https:\/\/www.inesa.com.do\/index.php?rest_route=%2Fwp%2Fv2%2Fmedia&parent=3313"}],"wp:term":[{"taxonomy":"product_cat","embeddable":true,"href":"https:\/\/www.inesa.com.do\/index.php?rest_route=%2Fwp%2Fv2%2Fproduct_cat&post=3313"},{"taxonomy":"product_tag","embeddable":true,"href":"https:\/\/www.inesa.com.do\/index.php?rest_route=%2Fwp%2Fv2%2Fproduct_tag&post=3313"}],"curies":[{"name":"wp","href":"https:\/\/api.w.org\/{rel}","templated":true}]}}