{"id":3402,"date":"2021-05-25T00:36:13","date_gmt":"2021-05-25T04:36:13","guid":{"rendered":"http:\/\/www.inesa.com.do\/?post_type=product&#038;p=3402"},"modified":"2022-07-28T11:58:29","modified_gmt":"2022-07-28T15:58:29","slug":"jergens-ultra-humenctante-sin-fragrancia","status":"publish","type":"product","link":"https:\/\/www.inesa.com.do\/?product=jergens-ultra-humenctante-sin-fragrancia","title":{"rendered":"Jergens Ultra Humenctante Sin Fragancia"},"content":{"rendered":"<p>Humecta al instante la piel \u00e1spera y reseca para revelar una piel profundamente radiante y cuatro veces m\u00e1s tersa.<\/p>\n<p>Recomendado para: piel \u00e1spera y reseca.<\/p>\n<p>Alisa y alivia la piel \u00e1spera y reseca. Con una exclusiva mezcla resplandeciente HYDRALUCENCE\u00ae, prote\u00ednas de seda y extractos de c\u00edtricos.<br \/>\nBrinda m\u00faltiples capas continuas de humedad para alisar la piel y mejorar su tono, textura y luminosidad.<br \/>\nRetiene la humedad hasta por 24 horas y deja la piel con un aroma suave y atractivo.<\/p>\n","protected":false},"excerpt":{"rendered":"<p>Hidrata y alivia la piel extra seca gracias a una f\u00f3rmula de r\u00e1pida absorci\u00f3n que revela una piel luminosa y fresca.<\/p>\n","protected":false},"featured_media":3403,"comment_status":"open","ping_status":"closed","template":"","meta":[],"product_cat":[134,133],"product_tag":[174,211],"_links":{"self":[{"href":"https:\/\/www.inesa.com.do\/index.php?rest_route=\/wp\/v2\/product\/3402"}],"collection":[{"href":"https:\/\/www.inesa.com.do\/index.php?rest_route=\/wp\/v2\/product"}],"about":[{"href":"https:\/\/www.inesa.com.do\/index.php?rest_route=\/wp\/v2\/types\/product"}],"replies":[{"embeddable":true,"href":"https:\/\/www.inesa.com.do\/index.php?rest_route=%2Fwp%2Fv2%2Fcomments&post=3402"}],"version-history":[{"count":3,"href":"https:\/\/www.inesa.com.do\/index.php?rest_route=\/wp\/v2\/product\/3402\/revisions"}],"predecessor-version":[{"id":4567,"href":"https:\/\/www.inesa.com.do\/index.php?rest_route=\/wp\/v2\/product\/3402\/revisions\/4567"}],"wp:featuredmedia":[{"embeddable":true,"href":"https:\/\/www.inesa.com.do\/index.php?rest_route=\/wp\/v2\/media\/3403"}],"wp:attachment":[{"href":"https:\/\/www.inesa.com.do\/index.php?rest_route=%2Fwp%2Fv2%2Fmedia&parent=3402"}],"wp:term":[{"taxonomy":"product_cat","embeddable":true,"href":"https:\/\/www.inesa.com.do\/index.php?rest_route=%2Fwp%2Fv2%2Fproduct_cat&post=3402"},{"taxonomy":"product_tag","embeddable":true,"href":"https:\/\/www.inesa.com.do\/index.php?rest_route=%2Fwp%2Fv2%2Fproduct_tag&post=3402"}],"curies":[{"name":"wp","href":"https:\/\/api.w.org\/{rel}","templated":true}]}}