{"id":3406,"date":"2021-05-25T00:38:43","date_gmt":"2021-05-25T00:38:43","guid":{"rendered":"http:\/\/www.inesa.com.do\/?post_type=product&#038;p=3406"},"modified":"2021-05-25T00:42:52","modified_gmt":"2021-05-25T00:42:52","slug":"jergens-multivitamina","status":"publish","type":"product","link":"https:\/\/www.inesa.com.do\/?product=jergens-multivitamina","title":{"rendered":"Jergens Multivitamina"},"content":{"rendered":"<p>Hidrata y alivia la piel seca gracias a una f\u00f3rmula de r\u00e1pida absorci\u00f3n que revela una piel luminosa y fresca.<\/p>\n<p>Recomendado para: piel normal a seca<\/p>\n<p>Mejora el tono, la textura y la luminosidad de la piel. Con una exclusiva mezcla resplandeciente Hydralucence, extracto de pepino y aloe vera.<br \/>\nRevitaliza el factor de humedad natural de la piel para aliviar la piel reseca e inc\u00f3moda, dej\u00e1ndola notablemente refrescada e hidratada.<br \/>\nSe absorbe con rapidez y retiene la humedad por hasta 24 horas.<\/p>\n","protected":false},"excerpt":{"rendered":"<p>Hidrata y alivia la piel seca gracias a una f\u00f3rmula de r\u00e1pida absorci\u00f3n que revela una piel luminosa y fresca.<\/p>\n","protected":false},"featured_media":3407,"comment_status":"open","ping_status":"closed","template":"","meta":[],"product_cat":[134,133],"product_tag":[207,174],"_links":{"self":[{"href":"https:\/\/www.inesa.com.do\/index.php?rest_route=\/wp\/v2\/product\/3406"}],"collection":[{"href":"https:\/\/www.inesa.com.do\/index.php?rest_route=\/wp\/v2\/product"}],"about":[{"href":"https:\/\/www.inesa.com.do\/index.php?rest_route=\/wp\/v2\/types\/product"}],"replies":[{"embeddable":true,"href":"https:\/\/www.inesa.com.do\/index.php?rest_route=%2Fwp%2Fv2%2Fcomments&post=3406"}],"version-history":[{"count":1,"href":"https:\/\/www.inesa.com.do\/index.php?rest_route=\/wp\/v2\/product\/3406\/revisions"}],"predecessor-version":[{"id":3408,"href":"https:\/\/www.inesa.com.do\/index.php?rest_route=\/wp\/v2\/product\/3406\/revisions\/3408"}],"wp:featuredmedia":[{"embeddable":true,"href":"https:\/\/www.inesa.com.do\/index.php?rest_route=\/wp\/v2\/media\/3407"}],"wp:attachment":[{"href":"https:\/\/www.inesa.com.do\/index.php?rest_route=%2Fwp%2Fv2%2Fmedia&parent=3406"}],"wp:term":[{"taxonomy":"product_cat","embeddable":true,"href":"https:\/\/www.inesa.com.do\/index.php?rest_route=%2Fwp%2Fv2%2Fproduct_cat&post=3406"},{"taxonomy":"product_tag","embeddable":true,"href":"https:\/\/www.inesa.com.do\/index.php?rest_route=%2Fwp%2Fv2%2Fproduct_tag&post=3406"}],"curies":[{"name":"wp","href":"https:\/\/api.w.org\/{rel}","templated":true}]}}