{"id":3418,"date":"2021-05-25T01:00:23","date_gmt":"2021-05-25T01:00:23","guid":{"rendered":"http:\/\/www.inesa.com.do\/?post_type=product&#038;p=3418"},"modified":"2026-02-02T18:07:43","modified_gmt":"2026-02-02T22:07:43","slug":"curel-ultra-healing","status":"publish","type":"product","link":"https:\/\/www.inesa.com.do\/?product=curel-ultra-healing","title":{"rendered":"Curel Ultra Healing"},"content":{"rendered":"<p>Cur\u00e9l Ultra Healing es la crema humectante perfecta para tartar la piel seca y extraseca. Contiene Ceramidas, componente \u00fanico que ayuda sellar la hidratacion en la piel. Tu piel quedar\u00e1 hidrtada por mas de 24 horas, a\u00fan despues de lavar tus manos con jab\u00f3n. Ayuda a combatir el Eczema en la piel. Con Manteca de Karit\u00e9 y Pro vitamina B5.<\/p>\n","protected":false},"excerpt":{"rendered":"<p>Crema humectante perfecta para tartar la piel seca y extraseca<\/p>\n","protected":false},"featured_media":3420,"comment_status":"open","ping_status":"closed","template":"","meta":[],"product_cat":[133,168],"product_tag":[],"_links":{"self":[{"href":"https:\/\/www.inesa.com.do\/index.php?rest_route=\/wp\/v2\/product\/3418"}],"collection":[{"href":"https:\/\/www.inesa.com.do\/index.php?rest_route=\/wp\/v2\/product"}],"about":[{"href":"https:\/\/www.inesa.com.do\/index.php?rest_route=\/wp\/v2\/types\/product"}],"replies":[{"embeddable":true,"href":"https:\/\/www.inesa.com.do\/index.php?rest_route=%2Fwp%2Fv2%2Fcomments&post=3418"}],"version-history":[{"count":2,"href":"https:\/\/www.inesa.com.do\/index.php?rest_route=\/wp\/v2\/product\/3418\/revisions"}],"predecessor-version":[{"id":3434,"href":"https:\/\/www.inesa.com.do\/index.php?rest_route=\/wp\/v2\/product\/3418\/revisions\/3434"}],"wp:featuredmedia":[{"embeddable":true,"href":"https:\/\/www.inesa.com.do\/index.php?rest_route=\/wp\/v2\/media\/3420"}],"wp:attachment":[{"href":"https:\/\/www.inesa.com.do\/index.php?rest_route=%2Fwp%2Fv2%2Fmedia&parent=3418"}],"wp:term":[{"taxonomy":"product_cat","embeddable":true,"href":"https:\/\/www.inesa.com.do\/index.php?rest_route=%2Fwp%2Fv2%2Fproduct_cat&post=3418"},{"taxonomy":"product_tag","embeddable":true,"href":"https:\/\/www.inesa.com.do\/index.php?rest_route=%2Fwp%2Fv2%2Fproduct_tag&post=3418"}],"curies":[{"name":"wp","href":"https:\/\/api.w.org\/{rel}","templated":true}]}}