{"id":3429,"date":"2021-05-25T01:05:21","date_gmt":"2021-05-25T01:05:21","guid":{"rendered":"http:\/\/www.inesa.com.do\/?post_type=product&#038;p=3429"},"modified":"2021-05-25T01:09:08","modified_gmt":"2021-05-25T01:09:08","slug":"curel-foot-therapy","status":"publish","type":"product","link":"https:\/\/www.inesa.com.do\/?product=curel-foot-therapy","title":{"rendered":"Cur\u00e9l Foot Therapy"},"content":{"rendered":"<p>Alivio inmediato a la piel extra seca de los pies, en tan solo dos noches optendr\u00e1s cambios positivos notables. Contiene Manteca de Karit\u00e9, Leche de coco y vitamin E. De r\u00e1pida absorci\u00f3n, ideal para tratar la resequedad en la piel del pie diab\u00e9tico.<\/p>\n","protected":false},"excerpt":{"rendered":"<p>Alivio inmediato a la piel extra seca de los pie<\/p>\n","protected":false},"featured_media":3430,"comment_status":"open","ping_status":"closed","template":"","meta":[],"product_cat":[133,168],"product_tag":[214,216],"_links":{"self":[{"href":"https:\/\/www.inesa.com.do\/index.php?rest_route=\/wp\/v2\/product\/3429"}],"collection":[{"href":"https:\/\/www.inesa.com.do\/index.php?rest_route=\/wp\/v2\/product"}],"about":[{"href":"https:\/\/www.inesa.com.do\/index.php?rest_route=\/wp\/v2\/types\/product"}],"replies":[{"embeddable":true,"href":"https:\/\/www.inesa.com.do\/index.php?rest_route=%2Fwp%2Fv2%2Fcomments&post=3429"}],"version-history":[{"count":1,"href":"https:\/\/www.inesa.com.do\/index.php?rest_route=\/wp\/v2\/product\/3429\/revisions"}],"predecessor-version":[{"id":3431,"href":"https:\/\/www.inesa.com.do\/index.php?rest_route=\/wp\/v2\/product\/3429\/revisions\/3431"}],"wp:featuredmedia":[{"embeddable":true,"href":"https:\/\/www.inesa.com.do\/index.php?rest_route=\/wp\/v2\/media\/3430"}],"wp:attachment":[{"href":"https:\/\/www.inesa.com.do\/index.php?rest_route=%2Fwp%2Fv2%2Fmedia&parent=3429"}],"wp:term":[{"taxonomy":"product_cat","embeddable":true,"href":"https:\/\/www.inesa.com.do\/index.php?rest_route=%2Fwp%2Fv2%2Fproduct_cat&post=3429"},{"taxonomy":"product_tag","embeddable":true,"href":"https:\/\/www.inesa.com.do\/index.php?rest_route=%2Fwp%2Fv2%2Fproduct_tag&post=3429"}],"curies":[{"name":"wp","href":"https:\/\/api.w.org\/{rel}","templated":true}]}}