{"id":3446,"date":"2021-05-25T13:10:07","date_gmt":"2021-05-25T13:10:07","guid":{"rendered":"http:\/\/www.inesa.com.do\/?post_type=product&#038;p=3446"},"modified":"2021-05-25T13:23:20","modified_gmt":"2021-05-25T13:23:20","slug":"palmers-aceite-para-la-comezon","status":"publish","type":"product","link":"https:\/\/www.inesa.com.do\/?product=palmers-aceite-para-la-comezon","title":{"rendered":"Palmer&#8217;s Aceite para la Comez\u00f3n"},"content":{"rendered":"<p>Alivia de forma inmediata la comez\u00f3n en la piel asociada con el embarazo. Ayuda a evitar las estr\u00edas. Penetra r\u00e1pido en la piel.<\/p>\n","protected":false},"excerpt":{"rendered":"<p>Alivia de forma inmediata la comez\u00f3n en la piel<\/p>\n","protected":false},"featured_media":3447,"comment_status":"open","ping_status":"closed","template":"","meta":[],"product_cat":[165,133],"product_tag":[217,172,222,218],"_links":{"self":[{"href":"https:\/\/www.inesa.com.do\/index.php?rest_route=\/wp\/v2\/product\/3446"}],"collection":[{"href":"https:\/\/www.inesa.com.do\/index.php?rest_route=\/wp\/v2\/product"}],"about":[{"href":"https:\/\/www.inesa.com.do\/index.php?rest_route=\/wp\/v2\/types\/product"}],"replies":[{"embeddable":true,"href":"https:\/\/www.inesa.com.do\/index.php?rest_route=%2Fwp%2Fv2%2Fcomments&post=3446"}],"version-history":[{"count":2,"href":"https:\/\/www.inesa.com.do\/index.php?rest_route=\/wp\/v2\/product\/3446\/revisions"}],"predecessor-version":[{"id":3463,"href":"https:\/\/www.inesa.com.do\/index.php?rest_route=\/wp\/v2\/product\/3446\/revisions\/3463"}],"wp:featuredmedia":[{"embeddable":true,"href":"https:\/\/www.inesa.com.do\/index.php?rest_route=\/wp\/v2\/media\/3447"}],"wp:attachment":[{"href":"https:\/\/www.inesa.com.do\/index.php?rest_route=%2Fwp%2Fv2%2Fmedia&parent=3446"}],"wp:term":[{"taxonomy":"product_cat","embeddable":true,"href":"https:\/\/www.inesa.com.do\/index.php?rest_route=%2Fwp%2Fv2%2Fproduct_cat&post=3446"},{"taxonomy":"product_tag","embeddable":true,"href":"https:\/\/www.inesa.com.do\/index.php?rest_route=%2Fwp%2Fv2%2Fproduct_tag&post=3446"}],"curies":[{"name":"wp","href":"https:\/\/api.w.org\/{rel}","templated":true}]}}