{"id":3458,"date":"2021-05-25T13:22:08","date_gmt":"2021-05-25T13:22:08","guid":{"rendered":"http:\/\/www.inesa.com.do\/?post_type=product&#038;p=3458"},"modified":"2024-03-24T12:20:26","modified_gmt":"2024-03-24T16:20:26","slug":"palmers-cocoa-butter-skin-therapy-oil","status":"publish","type":"product","link":"https:\/\/www.inesa.com.do\/?product=palmers-cocoa-butter-skin-therapy-oil","title":{"rendered":"Palmers Cocoa Butter Skin Therapy Oil"},"content":{"rendered":"<p>Un producto avanzado para la perfecci\u00f3n de la piel de usos m\u00faltiples que se puede usar en todo el cuerpo. Esta f\u00f3rmula liviana y sin conservantes contiene una mezcla exclusiva de ingredientes clave formulados para ayudar a mejorar la apariencia de cicatrices, estr\u00edas, piel seca y da\u00f1ada, tono de piel desigual, piel envejecida, l\u00edneas finas y arrugas. La piel se ve y se siente instant\u00e1neamente suave y tersa con esta f\u00f3rmula \u00fanica, no grasosa y que no mancha.<\/p>\n<p>Despu\u00e9s de 8 semanas *: el 93% de las mujeres evaluadas vieron una reducci\u00f3n en la apariencia de las cicatrices El 92% de las mujeres evaluadas vieron una mejora en la apariencia de las estr\u00edas * Basado en las respuestas en una prueba de 8 semanas de uso dom\u00e9stico realizada por 200 panelistas<\/p>\n<p>Libre de aceite mineral, parabenos, ftalatos, al\u00e9rgenos de fragancias.<br \/>\nHipoalerg\u00e9nico, adecuado para pieles propensas al eccema, probado por dermat\u00f3logos<\/p>\n<p>Indicaciones:<\/p>\n<p>Preocupaci\u00f3n por la salud: l\u00edneas finas y arrugas, sequedad, estr\u00edas<\/p>\n","protected":false},"excerpt":{"rendered":"<p>Ayuda a mejorar la apariencia de cicatrices, estr\u00edas, piel seca y da\u00f1ada, tono de piel desigual, l\u00edneas finas y arrugas.<\/p>\n","protected":false},"featured_media":3459,"comment_status":"open","ping_status":"closed","template":"","meta":[],"product_cat":[165,133],"product_tag":[228,230,172,218,229],"_links":{"self":[{"href":"https:\/\/www.inesa.com.do\/index.php?rest_route=\/wp\/v2\/product\/3458"}],"collection":[{"href":"https:\/\/www.inesa.com.do\/index.php?rest_route=\/wp\/v2\/product"}],"about":[{"href":"https:\/\/www.inesa.com.do\/index.php?rest_route=\/wp\/v2\/types\/product"}],"replies":[{"embeddable":true,"href":"https:\/\/www.inesa.com.do\/index.php?rest_route=%2Fwp%2Fv2%2Fcomments&post=3458"}],"version-history":[{"count":2,"href":"https:\/\/www.inesa.com.do\/index.php?rest_route=\/wp\/v2\/product\/3458\/revisions"}],"predecessor-version":[{"id":3925,"href":"https:\/\/www.inesa.com.do\/index.php?rest_route=\/wp\/v2\/product\/3458\/revisions\/3925"}],"wp:featuredmedia":[{"embeddable":true,"href":"https:\/\/www.inesa.com.do\/index.php?rest_route=\/wp\/v2\/media\/3459"}],"wp:attachment":[{"href":"https:\/\/www.inesa.com.do\/index.php?rest_route=%2Fwp%2Fv2%2Fmedia&parent=3458"}],"wp:term":[{"taxonomy":"product_cat","embeddable":true,"href":"https:\/\/www.inesa.com.do\/index.php?rest_route=%2Fwp%2Fv2%2Fproduct_cat&post=3458"},{"taxonomy":"product_tag","embeddable":true,"href":"https:\/\/www.inesa.com.do\/index.php?rest_route=%2Fwp%2Fv2%2Fproduct_tag&post=3458"}],"curies":[{"name":"wp","href":"https:\/\/api.w.org\/{rel}","templated":true}]}}