{"id":3470,"date":"2021-05-25T13:34:45","date_gmt":"2021-05-25T13:34:45","guid":{"rendered":"http:\/\/www.inesa.com.do\/?post_type=product&#038;p=3470"},"modified":"2021-05-25T13:37:21","modified_gmt":"2021-05-25T13:37:21","slug":"palmers-crema-de-masajes-para-estrias","status":"publish","type":"product","link":"https:\/\/www.inesa.com.do\/?product=palmers-crema-de-masajes-para-estrias","title":{"rendered":"Palmer&#8217;s Crema de Masajes  para estrias"},"content":{"rendered":"<p>Palmers cocoa butter crema concentrada para las estr\u00edas. Ayuda a reducer y prevenir la aparici\u00f3n de las estr\u00edas , dise\u00f1ada para ser aplicada en: caderas, gl\u00fateos , muslos y vientre. De textura cremosa y espesa.<\/p>\n","protected":false},"excerpt":{"rendered":"<p>Ayuda a reducer y prevenir la aparici\u00f3n de las estr\u00edas<\/p>\n","protected":false},"featured_media":3471,"comment_status":"open","ping_status":"closed","template":"","meta":[],"product_cat":[134,133],"product_tag":[172,236,235,218],"_links":{"self":[{"href":"https:\/\/www.inesa.com.do\/index.php?rest_route=\/wp\/v2\/product\/3470"}],"collection":[{"href":"https:\/\/www.inesa.com.do\/index.php?rest_route=\/wp\/v2\/product"}],"about":[{"href":"https:\/\/www.inesa.com.do\/index.php?rest_route=\/wp\/v2\/types\/product"}],"replies":[{"embeddable":true,"href":"https:\/\/www.inesa.com.do\/index.php?rest_route=%2Fwp%2Fv2%2Fcomments&post=3470"}],"version-history":[{"count":1,"href":"https:\/\/www.inesa.com.do\/index.php?rest_route=\/wp\/v2\/product\/3470\/revisions"}],"predecessor-version":[{"id":3472,"href":"https:\/\/www.inesa.com.do\/index.php?rest_route=\/wp\/v2\/product\/3470\/revisions\/3472"}],"wp:featuredmedia":[{"embeddable":true,"href":"https:\/\/www.inesa.com.do\/index.php?rest_route=\/wp\/v2\/media\/3471"}],"wp:attachment":[{"href":"https:\/\/www.inesa.com.do\/index.php?rest_route=%2Fwp%2Fv2%2Fmedia&parent=3470"}],"wp:term":[{"taxonomy":"product_cat","embeddable":true,"href":"https:\/\/www.inesa.com.do\/index.php?rest_route=%2Fwp%2Fv2%2Fproduct_cat&post=3470"},{"taxonomy":"product_tag","embeddable":true,"href":"https:\/\/www.inesa.com.do\/index.php?rest_route=%2Fwp%2Fv2%2Fproduct_tag&post=3470"}],"curies":[{"name":"wp","href":"https:\/\/api.w.org\/{rel}","templated":true}]}}