{"id":3494,"date":"2021-05-25T14:51:13","date_gmt":"2021-05-25T18:51:13","guid":{"rendered":"http:\/\/www.inesa.com.do\/?post_type=product&#038;p=3494"},"modified":"2026-02-01T11:29:43","modified_gmt":"2026-02-01T15:29:43","slug":"3-day-straight-semi-permanent-styling-spray","status":"publish","type":"product","link":"https:\/\/www.inesa.com.do\/?product=3-day-straight-semi-permanent-styling-spray","title":{"rendered":"3-Day Straight Styling Spray"},"content":{"rendered":"<p><strong>Crea un cabello visiblemente m\u00e1s liso por hasta 3 d\u00edas.<\/strong><\/p>\n<p>Este revolucionario spray activado por calor funciona con tu plancha alaciadorapara mejorar los resultados y que tu estilo finalmente dure hasta 3 d\u00edas con retoques t\u00e9rmicos m\u00ednimos, si lo deseas.<\/p>\n<p><em>o hasta su pr\u00f3ximo shampoo si son menos de 3 d\u00edas.<\/em><\/p>\n<p><strong>C\u00d3MO FUNCIONA:<\/strong><\/p>\n<div>\u2022El aerosol sin peso con protecci\u00f3n contra el calor bloquea el frizz mientras alisa.<\/div>\n<div>\u2022La f\u00f3rmula activada por el calor, con queratina, protege contra el da\u00f1o causado por el calor y envuelve cada hebra para sellar un estilo lacio m\u00e1s duradero sin pesar el cabello.<\/div>\n<div>\u2022Mantiene el cabello brillante, liso y lleno de cuerpo.<\/div>\n","protected":false},"excerpt":{"rendered":"<p>Crea un cabello visiblemente m\u00e1s liso por hasta 3 d\u00edas.<\/p>\n","protected":false},"featured_media":4384,"comment_status":"open","ping_status":"closed","template":"","meta":[],"product_cat":[118,122],"product_tag":[157,243,244,245],"_links":{"self":[{"href":"https:\/\/www.inesa.com.do\/index.php?rest_route=\/wp\/v2\/product\/3494"}],"collection":[{"href":"https:\/\/www.inesa.com.do\/index.php?rest_route=\/wp\/v2\/product"}],"about":[{"href":"https:\/\/www.inesa.com.do\/index.php?rest_route=\/wp\/v2\/types\/product"}],"replies":[{"embeddable":true,"href":"https:\/\/www.inesa.com.do\/index.php?rest_route=%2Fwp%2Fv2%2Fcomments&post=3494"}],"version-history":[{"count":4,"href":"https:\/\/www.inesa.com.do\/index.php?rest_route=\/wp\/v2\/product\/3494\/revisions"}],"predecessor-version":[{"id":4386,"href":"https:\/\/www.inesa.com.do\/index.php?rest_route=\/wp\/v2\/product\/3494\/revisions\/4386"}],"wp:featuredmedia":[{"embeddable":true,"href":"https:\/\/www.inesa.com.do\/index.php?rest_route=\/wp\/v2\/media\/4384"}],"wp:attachment":[{"href":"https:\/\/www.inesa.com.do\/index.php?rest_route=%2Fwp%2Fv2%2Fmedia&parent=3494"}],"wp:term":[{"taxonomy":"product_cat","embeddable":true,"href":"https:\/\/www.inesa.com.do\/index.php?rest_route=%2Fwp%2Fv2%2Fproduct_cat&post=3494"},{"taxonomy":"product_tag","embeddable":true,"href":"https:\/\/www.inesa.com.do\/index.php?rest_route=%2Fwp%2Fv2%2Fproduct_tag&post=3494"}],"curies":[{"name":"wp","href":"https:\/\/api.w.org\/{rel}","templated":true}]}}