{"id":3497,"date":"2021-05-25T14:53:13","date_gmt":"2021-05-25T14:53:13","guid":{"rendered":"http:\/\/www.inesa.com.do\/?post_type=product&#038;p=3497"},"modified":"2024-08-29T16:41:33","modified_gmt":"2024-08-29T20:41:33","slug":"palmers-skin-success-cream-oily-skin","status":"publish","type":"product","link":"https:\/\/www.inesa.com.do\/?product=palmers-skin-success-cream-oily-skin","title":{"rendered":"Palmer&#8217;s Skin Success Cream Oily Skin"},"content":{"rendered":"<p>Skin Success Crema para pieles grasas anti-dark sopt fade\u00a0 corrige el tono de las manchas oscuras, con vitaminas c y e, alfa hidroxi y protector solar. Desvanece las manchas oscuras y las pecas. Unifica el tono de la piel.<\/p>\n<p>Especialmente formulada para pieles grasas con los ingredientes m\u00e1s avanzados para el cuidado de la piel para brindarle un cutis m\u00e1s radiante y equilibrado.<\/p>\n<p>Nuestra f\u00f3rmula para aclarar la piel est\u00e1 cl\u00ednicamente probada para eliminar manchas oscuras, pecas y otras decoloraciones de la piel que pueden ser causadas por la edad, el sol, cicatrices leves, el embarazo o el uso de anticonceptivos.<\/p>\n<p>Los humectantes ligeros combinados con vitaminas esenciales y alfa hidroxi suavizan la textura de la piel, eliminando las manchas \u00e1speras y escamosas. El uso diario le dar\u00e1 a su piel un tono uniforme y natural.<\/p>\n","protected":false},"excerpt":{"rendered":"<p>Desvanece las manchas oscuras y las pecas. Unifica el tono de la piel.<\/p>\n","protected":false},"featured_media":3500,"comment_status":"open","ping_status":"closed","template":"","meta":[],"product_cat":[250,130],"product_tag":[248,218,249],"_links":{"self":[{"href":"https:\/\/www.inesa.com.do\/index.php?rest_route=\/wp\/v2\/product\/3497"}],"collection":[{"href":"https:\/\/www.inesa.com.do\/index.php?rest_route=\/wp\/v2\/product"}],"about":[{"href":"https:\/\/www.inesa.com.do\/index.php?rest_route=\/wp\/v2\/types\/product"}],"replies":[{"embeddable":true,"href":"https:\/\/www.inesa.com.do\/index.php?rest_route=%2Fwp%2Fv2%2Fcomments&post=3497"}],"version-history":[{"count":2,"href":"https:\/\/www.inesa.com.do\/index.php?rest_route=\/wp\/v2\/product\/3497\/revisions"}],"predecessor-version":[{"id":3505,"href":"https:\/\/www.inesa.com.do\/index.php?rest_route=\/wp\/v2\/product\/3497\/revisions\/3505"}],"wp:featuredmedia":[{"embeddable":true,"href":"https:\/\/www.inesa.com.do\/index.php?rest_route=\/wp\/v2\/media\/3500"}],"wp:attachment":[{"href":"https:\/\/www.inesa.com.do\/index.php?rest_route=%2Fwp%2Fv2%2Fmedia&parent=3497"}],"wp:term":[{"taxonomy":"product_cat","embeddable":true,"href":"https:\/\/www.inesa.com.do\/index.php?rest_route=%2Fwp%2Fv2%2Fproduct_cat&post=3497"},{"taxonomy":"product_tag","embeddable":true,"href":"https:\/\/www.inesa.com.do\/index.php?rest_route=%2Fwp%2Fv2%2Fproduct_tag&post=3497"}],"curies":[{"name":"wp","href":"https:\/\/api.w.org\/{rel}","templated":true}]}}