{"id":3511,"date":"2021-05-25T15:07:00","date_gmt":"2021-05-25T19:07:00","guid":{"rendered":"http:\/\/www.inesa.com.do\/?post_type=product&#038;p=3511"},"modified":"2022-07-27T23:44:21","modified_gmt":"2022-07-28T03:44:21","slug":"miraculous-recovery-acondicionador","status":"publish","type":"product","link":"https:\/\/www.inesa.com.do\/?product=miraculous-recovery-acondicionador","title":{"rendered":"Miraculous Recovery Acondicionador"},"content":{"rendered":"<p><strong>C\u00d3MO FUNCIONA:<\/strong><\/p>\n<p>Repone la humedad y repele el frizz. Esta f\u00f3rmula, con nutrientes vitales y prote\u00edna de seda, crea una barrera para ayudar a sellar la hidrataci\u00f3n esencial y bloquear la humedad que arruina el estilo.<\/p>\n<p>Restaura y evita instant\u00e1neamente la aparici\u00f3n de da\u00f1os futuros.<\/p>\n<p>El cabello queda visiblemente sano y fortalecido despu\u00e9s de solo 1 uso.<\/p>\n<p>Seguro para el cabello te\u00f1ido.<\/p>\n<p>USO Y CONSEJOS: aplica el shampoo sobre el cabello mojado, haz espuma y enjuaga bien. Sigue con el Acondicionador Miraculous Recovery.<\/p>\n<p>Para lograr un estilo brillante y suave como la seda, sigue con uno de los FrizzEase Serums, luego peina como desees.<\/p>\n<p>Ayuda a minimizar la ruptura desenredando con un peine de dientes anchos.<\/p>\n","protected":false},"excerpt":{"rendered":"<p>Hidrata y suaviza el cabello seco y rebelde.<\/p>\n","protected":false},"featured_media":4390,"comment_status":"open","ping_status":"closed","template":"","meta":[],"product_cat":[120,118],"product_tag":[256,157,252],"_links":{"self":[{"href":"https:\/\/www.inesa.com.do\/index.php?rest_route=\/wp\/v2\/product\/3511"}],"collection":[{"href":"https:\/\/www.inesa.com.do\/index.php?rest_route=\/wp\/v2\/product"}],"about":[{"href":"https:\/\/www.inesa.com.do\/index.php?rest_route=\/wp\/v2\/types\/product"}],"replies":[{"embeddable":true,"href":"https:\/\/www.inesa.com.do\/index.php?rest_route=%2Fwp%2Fv2%2Fcomments&post=3511"}],"version-history":[{"count":1,"href":"https:\/\/www.inesa.com.do\/index.php?rest_route=\/wp\/v2\/product\/3511\/revisions"}],"predecessor-version":[{"id":3515,"href":"https:\/\/www.inesa.com.do\/index.php?rest_route=\/wp\/v2\/product\/3511\/revisions\/3515"}],"wp:featuredmedia":[{"embeddable":true,"href":"https:\/\/www.inesa.com.do\/index.php?rest_route=\/wp\/v2\/media\/4390"}],"wp:attachment":[{"href":"https:\/\/www.inesa.com.do\/index.php?rest_route=%2Fwp%2Fv2%2Fmedia&parent=3511"}],"wp:term":[{"taxonomy":"product_cat","embeddable":true,"href":"https:\/\/www.inesa.com.do\/index.php?rest_route=%2Fwp%2Fv2%2Fproduct_cat&post=3511"},{"taxonomy":"product_tag","embeddable":true,"href":"https:\/\/www.inesa.com.do\/index.php?rest_route=%2Fwp%2Fv2%2Fproduct_tag&post=3511"}],"curies":[{"name":"wp","href":"https:\/\/api.w.org\/{rel}","templated":true}]}}