{"id":3514,"date":"2021-05-25T15:10:42","date_gmt":"2021-05-25T15:10:42","guid":{"rendered":"http:\/\/www.inesa.com.do\/?post_type=product&#038;p=3514"},"modified":"2021-09-21T14:31:10","modified_gmt":"2021-09-21T18:31:10","slug":"skin-therapy-oil-rostro","status":"publish","type":"product","link":"https:\/\/www.inesa.com.do\/?product=skin-therapy-oil-rostro","title":{"rendered":"Skin Therapy Oil Rostro"},"content":{"rendered":"<p>Palmers cocoa butter Skin Therapy Oil Rostro 1.oz<\/p>\n<p>Suero facial para hidratar, regenerar y reafirmar la piel del rostro. Reduce la apariencia de l\u00edneas de expression, aclara manchas y reduce marcas. Contiene Retinol + 10 aceites puros y preciosos . De r\u00e1pida absorci\u00f3n, en dos semanas ver\u00e1s resultados positivos.<\/p>\n","protected":false},"excerpt":{"rendered":"<p>Suero facial para hidratar, regenerar y reafirmar la piel del rostro.<\/p>\n","protected":false},"featured_media":3517,"comment_status":"open","ping_status":"closed","template":"","meta":[],"product_cat":[251,130],"product_tag":[228,218,229],"_links":{"self":[{"href":"https:\/\/www.inesa.com.do\/index.php?rest_route=\/wp\/v2\/product\/3514"}],"collection":[{"href":"https:\/\/www.inesa.com.do\/index.php?rest_route=\/wp\/v2\/product"}],"about":[{"href":"https:\/\/www.inesa.com.do\/index.php?rest_route=\/wp\/v2\/types\/product"}],"replies":[{"embeddable":true,"href":"https:\/\/www.inesa.com.do\/index.php?rest_route=%2Fwp%2Fv2%2Fcomments&post=3514"}],"version-history":[{"count":4,"href":"https:\/\/www.inesa.com.do\/index.php?rest_route=\/wp\/v2\/product\/3514\/revisions"}],"predecessor-version":[{"id":3923,"href":"https:\/\/www.inesa.com.do\/index.php?rest_route=\/wp\/v2\/product\/3514\/revisions\/3923"}],"wp:featuredmedia":[{"embeddable":true,"href":"https:\/\/www.inesa.com.do\/index.php?rest_route=\/wp\/v2\/media\/3517"}],"wp:attachment":[{"href":"https:\/\/www.inesa.com.do\/index.php?rest_route=%2Fwp%2Fv2%2Fmedia&parent=3514"}],"wp:term":[{"taxonomy":"product_cat","embeddable":true,"href":"https:\/\/www.inesa.com.do\/index.php?rest_route=%2Fwp%2Fv2%2Fproduct_cat&post=3514"},{"taxonomy":"product_tag","embeddable":true,"href":"https:\/\/www.inesa.com.do\/index.php?rest_route=%2Fwp%2Fv2%2Fproduct_tag&post=3514"}],"curies":[{"name":"wp","href":"https:\/\/api.w.org\/{rel}","templated":true}]}}