{"id":3525,"date":"2021-05-25T15:29:24","date_gmt":"2021-05-25T15:29:24","guid":{"rendered":"http:\/\/www.inesa.com.do\/?post_type=product&#038;p=3525"},"modified":"2022-07-27T23:47:25","modified_gmt":"2022-07-28T03:47:25","slug":"palmers-lip-balm","status":"publish","type":"product","link":"https:\/\/www.inesa.com.do\/?product=palmers-lip-balm","title":{"rendered":"Palmer&#8217;s Lip Balm"},"content":{"rendered":"<p>B\u00e1lsamo labial de Palmers con f\u00f3rmula de manteca de cacao con factor de protecci\u00f3n solar 15 spf<\/p>\n","protected":false},"excerpt":{"rendered":"<p>f\u00f3rmula de manteca de cacao con factor de protecci\u00f3n solar 15 spf<\/p>\n","protected":false},"featured_media":3527,"comment_status":"open","ping_status":"closed","template":"","meta":[],"product_cat":[152,48],"product_tag":[261,218],"_links":{"self":[{"href":"https:\/\/www.inesa.com.do\/index.php?rest_route=\/wp\/v2\/product\/3525"}],"collection":[{"href":"https:\/\/www.inesa.com.do\/index.php?rest_route=\/wp\/v2\/product"}],"about":[{"href":"https:\/\/www.inesa.com.do\/index.php?rest_route=\/wp\/v2\/types\/product"}],"replies":[{"embeddable":true,"href":"https:\/\/www.inesa.com.do\/index.php?rest_route=%2Fwp%2Fv2%2Fcomments&post=3525"}],"version-history":[{"count":1,"href":"https:\/\/www.inesa.com.do\/index.php?rest_route=\/wp\/v2\/product\/3525\/revisions"}],"predecessor-version":[{"id":3528,"href":"https:\/\/www.inesa.com.do\/index.php?rest_route=\/wp\/v2\/product\/3525\/revisions\/3528"}],"wp:featuredmedia":[{"embeddable":true,"href":"https:\/\/www.inesa.com.do\/index.php?rest_route=\/wp\/v2\/media\/3527"}],"wp:attachment":[{"href":"https:\/\/www.inesa.com.do\/index.php?rest_route=%2Fwp%2Fv2%2Fmedia&parent=3525"}],"wp:term":[{"taxonomy":"product_cat","embeddable":true,"href":"https:\/\/www.inesa.com.do\/index.php?rest_route=%2Fwp%2Fv2%2Fproduct_cat&post=3525"},{"taxonomy":"product_tag","embeddable":true,"href":"https:\/\/www.inesa.com.do\/index.php?rest_route=%2Fwp%2Fv2%2Fproduct_tag&post=3525"}],"curies":[{"name":"wp","href":"https:\/\/api.w.org\/{rel}","templated":true}]}}