{"id":3553,"date":"2021-05-25T16:38:53","date_gmt":"2021-05-25T16:38:53","guid":{"rendered":"http:\/\/www.inesa.com.do\/?post_type=product&#038;p=3553"},"modified":"2024-06-09T12:42:35","modified_gmt":"2024-06-09T16:42:35","slug":"jergens-rosada","status":"publish","type":"product","link":"https:\/\/www.inesa.com.do\/?product=jergens-rosada","title":{"rendered":"Jergens Rosada"},"content":{"rendered":"<p>La loci\u00f3n Jergens ha sido enriquecida con humectantes naturales para dar suavidad a su piel y restaurarla, absorbi\u00e9ndose r\u00e1pidamente\u00a0 y dejando su piel hermosa, saludable y delicadamente perfumada.<\/p>\n<p>Es perfecta para las manos, piernas, codos, rodillas&#8230;.. Para todo tu cuerpo!<\/p>\n","protected":false},"excerpt":{"rendered":"<p>Con humectantes naturales para dar suavidad a su piel y restaurarla<\/p>\n","protected":false},"featured_media":3554,"comment_status":"open","ping_status":"closed","template":"","meta":[],"product_cat":[133,168],"product_tag":[174,271],"_links":{"self":[{"href":"https:\/\/www.inesa.com.do\/index.php?rest_route=\/wp\/v2\/product\/3553"}],"collection":[{"href":"https:\/\/www.inesa.com.do\/index.php?rest_route=\/wp\/v2\/product"}],"about":[{"href":"https:\/\/www.inesa.com.do\/index.php?rest_route=\/wp\/v2\/types\/product"}],"replies":[{"embeddable":true,"href":"https:\/\/www.inesa.com.do\/index.php?rest_route=%2Fwp%2Fv2%2Fcomments&post=3553"}],"version-history":[{"count":1,"href":"https:\/\/www.inesa.com.do\/index.php?rest_route=\/wp\/v2\/product\/3553\/revisions"}],"predecessor-version":[{"id":3564,"href":"https:\/\/www.inesa.com.do\/index.php?rest_route=\/wp\/v2\/product\/3553\/revisions\/3564"}],"wp:featuredmedia":[{"embeddable":true,"href":"https:\/\/www.inesa.com.do\/index.php?rest_route=\/wp\/v2\/media\/3554"}],"wp:attachment":[{"href":"https:\/\/www.inesa.com.do\/index.php?rest_route=%2Fwp%2Fv2%2Fmedia&parent=3553"}],"wp:term":[{"taxonomy":"product_cat","embeddable":true,"href":"https:\/\/www.inesa.com.do\/index.php?rest_route=%2Fwp%2Fv2%2Fproduct_cat&post=3553"},{"taxonomy":"product_tag","embeddable":true,"href":"https:\/\/www.inesa.com.do\/index.php?rest_route=%2Fwp%2Fv2%2Fproduct_tag&post=3553"}],"curies":[{"name":"wp","href":"https:\/\/api.w.org\/{rel}","templated":true}]}}