{"id":3569,"date":"2021-05-25T17:15:44","date_gmt":"2021-05-25T17:15:44","guid":{"rendered":"http:\/\/www.inesa.com.do\/?post_type=product&#038;p=3569"},"modified":"2021-05-26T17:51:58","modified_gmt":"2021-05-26T17:51:58","slug":"limpiador-purificador-diario-cuarzo-rosa","status":"publish","type":"product","link":"https:\/\/www.inesa.com.do\/?product=limpiador-purificador-diario-cuarzo-rosa","title":{"rendered":"Bior\u00e9 Limpiador purificador Diario Cuarzo Rosa"},"content":{"rendered":"<p>Beneficio: Limpia profundamente y purifica los poros, a\u00f1adiendo adem\u00e1s un poco de amor propio para energizar tu piel y tu ser.<\/p>\n<p>C\u00f3mo funciona: Este limpiador purificador profundo, con tecnolog\u00eda japonesa de purificaci\u00f3n de la piel, te da resultados a partir del primer uso. Extrae y atrapa 2 veces m\u00e1s suciedad e impurezas que un limpiador b\u00e1sico.<\/p>\n<p>Con cuarzo rosa, cristales conocidos durante siglos por sus poderes sanadores \u00fanicos. El cuarzo rosa, un cristal natural, es conocido como la piedra que irradia amor propio y cari\u00f1o.<br \/>\nCon carb\u00f3n, conocido por su capacidad para extraer impurezas y atraparlas.<\/p>\n","protected":false},"excerpt":{"rendered":"<pre><\/pre>\n","protected":false},"featured_media":3571,"comment_status":"open","ping_status":"closed","template":"","meta":[],"product_cat":[133,130,259],"product_tag":[275,273,274],"_links":{"self":[{"href":"https:\/\/www.inesa.com.do\/index.php?rest_route=\/wp\/v2\/product\/3569"}],"collection":[{"href":"https:\/\/www.inesa.com.do\/index.php?rest_route=\/wp\/v2\/product"}],"about":[{"href":"https:\/\/www.inesa.com.do\/index.php?rest_route=\/wp\/v2\/types\/product"}],"replies":[{"embeddable":true,"href":"https:\/\/www.inesa.com.do\/index.php?rest_route=%2Fwp%2Fv2%2Fcomments&post=3569"}],"version-history":[{"count":2,"href":"https:\/\/www.inesa.com.do\/index.php?rest_route=\/wp\/v2\/product\/3569\/revisions"}],"predecessor-version":[{"id":3644,"href":"https:\/\/www.inesa.com.do\/index.php?rest_route=\/wp\/v2\/product\/3569\/revisions\/3644"}],"wp:featuredmedia":[{"embeddable":true,"href":"https:\/\/www.inesa.com.do\/index.php?rest_route=\/wp\/v2\/media\/3571"}],"wp:attachment":[{"href":"https:\/\/www.inesa.com.do\/index.php?rest_route=%2Fwp%2Fv2%2Fmedia&parent=3569"}],"wp:term":[{"taxonomy":"product_cat","embeddable":true,"href":"https:\/\/www.inesa.com.do\/index.php?rest_route=%2Fwp%2Fv2%2Fproduct_cat&post=3569"},{"taxonomy":"product_tag","embeddable":true,"href":"https:\/\/www.inesa.com.do\/index.php?rest_route=%2Fwp%2Fv2%2Fproduct_tag&post=3569"}],"curies":[{"name":"wp","href":"https:\/\/api.w.org\/{rel}","templated":true}]}}