{"id":3573,"date":"2021-05-25T17:15:57","date_gmt":"2021-05-25T17:15:57","guid":{"rendered":"http:\/\/www.inesa.com.do\/?post_type=product&#038;p=3573"},"modified":"2021-05-26T17:53:30","modified_gmt":"2021-05-26T17:53:30","slug":"biore-exfoliador-purificante-de-poros-cuarzo-rosa","status":"publish","type":"product","link":"https:\/\/www.inesa.com.do\/?product=biore-exfoliador-purificante-de-poros-cuarzo-rosa","title":{"rendered":"Bior\u00e9 Exfoliador Purificante de Poros Cuarzo Rosa"},"content":{"rendered":"<p>Beneficio: Exfolia y purifica los poros al mismo tiempo que a\u00f1ade amor propio para irradiar energ\u00eda y felicidad.<\/p>\n<p>C\u00f3mo funciona: Este innovador pulidor ataca la suciedad y la grasitud que obstruyen los poros, dejando una piel notablemente m\u00e1s suave y sedosa, con poros visiblemente m\u00e1s peque\u00f1os, desde el primer uso.<\/p>\n<p>Con cuarzo rosa, cristales conocidos durante siglos por sus poderes sanadores \u00fanicos. El cuarzo rosa, un cristal natural, es conocido como la piedra que irradia amor propio y cuidado.<br \/>\nCon carb\u00f3n, conocido por su capacidad para extraer impurezas y atraparlas.<\/p>\n<p>Tama\u00f1o:<br \/>\n4 OZ<\/p>\n","protected":false},"excerpt":{"rendered":"<p>Exfolia y purifica los poros al mismo tiempo que a\u00f1ade amor propio para irradiar energ\u00eda y felicidad<\/p>\n","protected":false},"featured_media":3574,"comment_status":"open","ping_status":"closed","template":"","meta":[],"product_cat":[130,294],"product_tag":[275,277,273,276],"_links":{"self":[{"href":"https:\/\/www.inesa.com.do\/index.php?rest_route=\/wp\/v2\/product\/3573"}],"collection":[{"href":"https:\/\/www.inesa.com.do\/index.php?rest_route=\/wp\/v2\/product"}],"about":[{"href":"https:\/\/www.inesa.com.do\/index.php?rest_route=\/wp\/v2\/types\/product"}],"replies":[{"embeddable":true,"href":"https:\/\/www.inesa.com.do\/index.php?rest_route=%2Fwp%2Fv2%2Fcomments&post=3573"}],"version-history":[{"count":3,"href":"https:\/\/www.inesa.com.do\/index.php?rest_route=\/wp\/v2\/product\/3573\/revisions"}],"predecessor-version":[{"id":3646,"href":"https:\/\/www.inesa.com.do\/index.php?rest_route=\/wp\/v2\/product\/3573\/revisions\/3646"}],"wp:featuredmedia":[{"embeddable":true,"href":"https:\/\/www.inesa.com.do\/index.php?rest_route=\/wp\/v2\/media\/3574"}],"wp:attachment":[{"href":"https:\/\/www.inesa.com.do\/index.php?rest_route=%2Fwp%2Fv2%2Fmedia&parent=3573"}],"wp:term":[{"taxonomy":"product_cat","embeddable":true,"href":"https:\/\/www.inesa.com.do\/index.php?rest_route=%2Fwp%2Fv2%2Fproduct_cat&post=3573"},{"taxonomy":"product_tag","embeddable":true,"href":"https:\/\/www.inesa.com.do\/index.php?rest_route=%2Fwp%2Fv2%2Fproduct_tag&post=3573"}],"curies":[{"name":"wp","href":"https:\/\/api.w.org\/{rel}","templated":true}]}}