{"id":3579,"date":"2021-05-25T17:26:44","date_gmt":"2021-05-25T17:26:44","guid":{"rendered":"http:\/\/www.inesa.com.do\/?post_type=product&#038;p=3579"},"modified":"2021-05-26T17:03:56","modified_gmt":"2021-05-26T17:03:56","slug":"biore-agua-micellar-bicarbonato","status":"publish","type":"product","link":"https:\/\/www.inesa.com.do\/?product=biore-agua-micellar-bicarbonato","title":{"rendered":"Bior\u00e9 Agua Micelar Bicarbonato"},"content":{"rendered":"<p>Un nuevo limpiador y desmaquillante todo en uno, que no requiere enjuagar ni restregar. Nuestra f\u00f3rmula exclusiva quita todo y, al mismo tiempo, refresca y equilibra tus poros.<br \/>\nSin restregar, sin enjuagar, sin residuos<br \/>\nDesmaquillante: Elimina incluso el maquillaje m\u00e1s densoLimpiador: Elimina la suciedad y la grasa de los porosSoluci\u00f3n refrescante: Equilibra suavemente sin resecar de m\u00e1s<br \/>\nProbada por dermat\u00f3logos<br \/>\nSin aceite<br \/>\nProbada por oftalm\u00f3logos<br \/>\nNo comedog\u00e9nica (no obstruye los poros)<br \/>\npH balanceada<br \/>\nHipoalerg\u00e9nica<\/p>\n","protected":false},"excerpt":{"rendered":"<p>Limpiador y desmaquillante todo en uno, que no requiere enjuagar ni restregar<\/p>\n","protected":false},"featured_media":3580,"comment_status":"open","ping_status":"closed","template":"","meta":[],"product_cat":[292,130],"product_tag":[280,281,275],"_links":{"self":[{"href":"https:\/\/www.inesa.com.do\/index.php?rest_route=\/wp\/v2\/product\/3579"}],"collection":[{"href":"https:\/\/www.inesa.com.do\/index.php?rest_route=\/wp\/v2\/product"}],"about":[{"href":"https:\/\/www.inesa.com.do\/index.php?rest_route=\/wp\/v2\/types\/product"}],"replies":[{"embeddable":true,"href":"https:\/\/www.inesa.com.do\/index.php?rest_route=%2Fwp%2Fv2%2Fcomments&post=3579"}],"version-history":[{"count":2,"href":"https:\/\/www.inesa.com.do\/index.php?rest_route=\/wp\/v2\/product\/3579\/revisions"}],"predecessor-version":[{"id":3582,"href":"https:\/\/www.inesa.com.do\/index.php?rest_route=\/wp\/v2\/product\/3579\/revisions\/3582"}],"wp:featuredmedia":[{"embeddable":true,"href":"https:\/\/www.inesa.com.do\/index.php?rest_route=\/wp\/v2\/media\/3580"}],"wp:attachment":[{"href":"https:\/\/www.inesa.com.do\/index.php?rest_route=%2Fwp%2Fv2%2Fmedia&parent=3579"}],"wp:term":[{"taxonomy":"product_cat","embeddable":true,"href":"https:\/\/www.inesa.com.do\/index.php?rest_route=%2Fwp%2Fv2%2Fproduct_cat&post=3579"},{"taxonomy":"product_tag","embeddable":true,"href":"https:\/\/www.inesa.com.do\/index.php?rest_route=%2Fwp%2Fv2%2Fproduct_tag&post=3579"}],"curies":[{"name":"wp","href":"https:\/\/api.w.org\/{rel}","templated":true}]}}