{"id":3586,"date":"2021-05-25T17:38:38","date_gmt":"2021-05-25T17:38:38","guid":{"rendered":"http:\/\/www.inesa.com.do\/?post_type=product&#038;p=3586"},"modified":"2021-05-26T18:01:52","modified_gmt":"2021-05-26T18:01:52","slug":"biore-limpiador-de-poros-blue-agave","status":"publish","type":"product","link":"https:\/\/www.inesa.com.do\/?product=biore-limpiador-de-poros-blue-agave","title":{"rendered":"Bior\u00e9 Limpiador De Poros Blue Agave"},"content":{"rendered":"<p>Limpia profundamente para eliminar la suciedad y las impurezas de los poros, a la vez que exfolia con suavidad las c\u00e9lulas muertas para revelar una piel tersa y de aspecto saludable.<br \/>\nLa f\u00f3rmula contiene bicarbonato de sodio natural y deja los poros 91 % m\u00e1s limpios, limpiando profundamente y al instante la suciedad y la grasitud a la vez que exfolia las c\u00e9lulas muertas de la piel.<br \/>\nCon tecnolog\u00eda purificadora de la piel<br \/>\npH balanceado<br \/>\nProbado por dermat\u00f3logo<br \/>\nSin aceites<br \/>\nLimpiador l\u00edquido de uso diario<\/p>\n","protected":false},"excerpt":{"rendered":"<p>Limpia profundamente para eliminar la suciedad y las impurezas de los poros, a la vez que exfolia con suavidad las c\u00e9lulas muertas para revelar una piel tersa y de aspecto saludable<\/p>\n","protected":false},"featured_media":3587,"comment_status":"open","ping_status":"closed","template":"","meta":[],"product_cat":[292,130,259],"product_tag":[284,281,275],"_links":{"self":[{"href":"https:\/\/www.inesa.com.do\/index.php?rest_route=\/wp\/v2\/product\/3586"}],"collection":[{"href":"https:\/\/www.inesa.com.do\/index.php?rest_route=\/wp\/v2\/product"}],"about":[{"href":"https:\/\/www.inesa.com.do\/index.php?rest_route=\/wp\/v2\/types\/product"}],"replies":[{"embeddable":true,"href":"https:\/\/www.inesa.com.do\/index.php?rest_route=%2Fwp%2Fv2%2Fcomments&post=3586"}],"version-history":[{"count":2,"href":"https:\/\/www.inesa.com.do\/index.php?rest_route=\/wp\/v2\/product\/3586\/revisions"}],"predecessor-version":[{"id":3647,"href":"https:\/\/www.inesa.com.do\/index.php?rest_route=\/wp\/v2\/product\/3586\/revisions\/3647"}],"wp:featuredmedia":[{"embeddable":true,"href":"https:\/\/www.inesa.com.do\/index.php?rest_route=\/wp\/v2\/media\/3587"}],"wp:attachment":[{"href":"https:\/\/www.inesa.com.do\/index.php?rest_route=%2Fwp%2Fv2%2Fmedia&parent=3586"}],"wp:term":[{"taxonomy":"product_cat","embeddable":true,"href":"https:\/\/www.inesa.com.do\/index.php?rest_route=%2Fwp%2Fv2%2Fproduct_cat&post=3586"},{"taxonomy":"product_tag","embeddable":true,"href":"https:\/\/www.inesa.com.do\/index.php?rest_route=%2Fwp%2Fv2%2Fproduct_tag&post=3586"}],"curies":[{"name":"wp","href":"https:\/\/api.w.org\/{rel}","templated":true}]}}