{"id":3598,"date":"2021-05-25T17:58:18","date_gmt":"2021-05-25T17:58:18","guid":{"rendered":"http:\/\/www.inesa.com.do\/?post_type=product&#038;p=3598"},"modified":"2021-05-26T00:02:11","modified_gmt":"2021-05-26T00:02:11","slug":"biore-banda-de-limpieza-profunda-con-carbon-natural","status":"publish","type":"product","link":"https:\/\/www.inesa.com.do\/?product=biore-banda-de-limpieza-profunda-con-carbon-natural","title":{"rendered":"Bior\u00e9 Banda de Limpieza Profunda con Carb\u00f3n Natural"},"content":{"rendered":"<p>El exceso de grasa puede obstruir los poros y causar la formaci\u00f3n de espinillas. Afortunadamente, estas bandas limpiadoras, infundidas con carb\u00f3n natural, atrapan y extraen las impurezas profundas y el exceso de grasa.<\/p>\n<p>Las Bandas de limpieza profunda con carbon natural de Bior\u00e9 funcionan como un im\u00e1n para unirse al instante a la suciedad profunda, la grasa y las espinillas para extraerlas.<\/p>\n<p>En tan solo 10 minutos, eliminar\u00e1s semanas de residuos acumulados, ver\u00e1s 3 veces menos grasa y lograr\u00e1s tu limpieza m\u00e1s profunda.<br \/>\nProbado por dermat\u00f3logo<br \/>\nHipoalerg\u00e9nico<br \/>\nSin aceite<\/p>\n","protected":false},"excerpt":{"rendered":"<p>Infundidas con carb\u00f3n natural, atrapan y extraen las impurezas profundas y el exceso de grasa.<\/p>\n","protected":false},"featured_media":3599,"comment_status":"open","ping_status":"closed","template":"","meta":[],"product_cat":[296,130],"product_tag":[290,289],"_links":{"self":[{"href":"https:\/\/www.inesa.com.do\/index.php?rest_route=\/wp\/v2\/product\/3598"}],"collection":[{"href":"https:\/\/www.inesa.com.do\/index.php?rest_route=\/wp\/v2\/product"}],"about":[{"href":"https:\/\/www.inesa.com.do\/index.php?rest_route=\/wp\/v2\/types\/product"}],"replies":[{"embeddable":true,"href":"https:\/\/www.inesa.com.do\/index.php?rest_route=%2Fwp%2Fv2%2Fcomments&post=3598"}],"version-history":[{"count":1,"href":"https:\/\/www.inesa.com.do\/index.php?rest_route=\/wp\/v2\/product\/3598\/revisions"}],"predecessor-version":[{"id":3600,"href":"https:\/\/www.inesa.com.do\/index.php?rest_route=\/wp\/v2\/product\/3598\/revisions\/3600"}],"wp:featuredmedia":[{"embeddable":true,"href":"https:\/\/www.inesa.com.do\/index.php?rest_route=\/wp\/v2\/media\/3599"}],"wp:attachment":[{"href":"https:\/\/www.inesa.com.do\/index.php?rest_route=%2Fwp%2Fv2%2Fmedia&parent=3598"}],"wp:term":[{"taxonomy":"product_cat","embeddable":true,"href":"https:\/\/www.inesa.com.do\/index.php?rest_route=%2Fwp%2Fv2%2Fproduct_cat&post=3598"},{"taxonomy":"product_tag","embeddable":true,"href":"https:\/\/www.inesa.com.do\/index.php?rest_route=%2Fwp%2Fv2%2Fproduct_tag&post=3598"}],"curies":[{"name":"wp","href":"https:\/\/api.w.org\/{rel}","templated":true}]}}