{"id":3602,"date":"2021-05-25T18:04:30","date_gmt":"2021-05-25T18:04:30","guid":{"rendered":"http:\/\/www.inesa.com.do\/?post_type=product&#038;p=3602"},"modified":"2021-05-26T00:01:57","modified_gmt":"2021-05-26T00:01:57","slug":"biore-bandas-de-limpieza-profunda","status":"publish","type":"product","link":"https:\/\/www.inesa.com.do\/?product=biore-bandas-de-limpieza-profunda","title":{"rendered":"Bior\u00e9 Bandas de Limpieza Profunda"},"content":{"rendered":"<p>Las Bandas de limpieza profunda de Bior\u00e9 funcionan como un im\u00e1n, uni\u00e9ndose al instante a la suciedad profunda, la grasa y las espinillas y extray\u00e9ndolas para que recibas la limpieza m\u00e1s profunda.<br \/>\nLas bandas limpiadoras para la nariz est\u00e1n dise\u00f1adas exclusivamente para tu nariz.<br \/>\nLas bandas limpiadoras para el rostro pueden utilizarse dondequiera que puedan aparecer poros obstruidos.<br \/>\nPuedes eliminar semanas de suciedad acumulada en tan solo 10 minutos.<br \/>\nCuando se utiliza semanalmente tendr\u00e1s cada vez menos poros obstruidos y su apariencia ir\u00e1 disminuyendo.<br \/>\nProbado por dermat\u00f3logo<br \/>\nHipoalerg\u00e9nico<br \/>\nSin aceite<\/p>\n","protected":false},"excerpt":{"rendered":"<p>Las Bandas de limpieza profunda de Bior\u00e9 funcionan como un im\u00e1n, uni\u00e9ndose al instante a la suciedad profunda, la grasa y las espinillas<\/p>\n","protected":false},"featured_media":3603,"comment_status":"open","ping_status":"closed","template":"","meta":[],"product_cat":[296,130],"product_tag":[290,275,291],"_links":{"self":[{"href":"https:\/\/www.inesa.com.do\/index.php?rest_route=\/wp\/v2\/product\/3602"}],"collection":[{"href":"https:\/\/www.inesa.com.do\/index.php?rest_route=\/wp\/v2\/product"}],"about":[{"href":"https:\/\/www.inesa.com.do\/index.php?rest_route=\/wp\/v2\/types\/product"}],"replies":[{"embeddable":true,"href":"https:\/\/www.inesa.com.do\/index.php?rest_route=%2Fwp%2Fv2%2Fcomments&post=3602"}],"version-history":[{"count":1,"href":"https:\/\/www.inesa.com.do\/index.php?rest_route=\/wp\/v2\/product\/3602\/revisions"}],"predecessor-version":[{"id":3604,"href":"https:\/\/www.inesa.com.do\/index.php?rest_route=\/wp\/v2\/product\/3602\/revisions\/3604"}],"wp:featuredmedia":[{"embeddable":true,"href":"https:\/\/www.inesa.com.do\/index.php?rest_route=\/wp\/v2\/media\/3603"}],"wp:attachment":[{"href":"https:\/\/www.inesa.com.do\/index.php?rest_route=%2Fwp%2Fv2%2Fmedia&parent=3602"}],"wp:term":[{"taxonomy":"product_cat","embeddable":true,"href":"https:\/\/www.inesa.com.do\/index.php?rest_route=%2Fwp%2Fv2%2Fproduct_cat&post=3602"},{"taxonomy":"product_tag","embeddable":true,"href":"https:\/\/www.inesa.com.do\/index.php?rest_route=%2Fwp%2Fv2%2Fproduct_tag&post=3602"}],"curies":[{"name":"wp","href":"https:\/\/api.w.org\/{rel}","templated":true}]}}