{"id":3620,"date":"2021-05-26T11:52:09","date_gmt":"2021-05-26T11:52:09","guid":{"rendered":"http:\/\/www.inesa.com.do\/?post_type=product&#038;p=3620"},"modified":"2021-05-26T11:52:09","modified_gmt":"2021-05-26T11:52:09","slug":"biore-limpiador-poros-con-carbon-natural","status":"publish","type":"product","link":"https:\/\/www.inesa.com.do\/?product=biore-limpiador-poros-con-carbon-natural","title":{"rendered":"Bior\u00e9 Limpiador Poros con Carb\u00f3n Natural"},"content":{"rendered":"<p>Extrae y atrapa 2 veces m\u00e1s suciedad e impurezas que un limpiador b\u00e1sico, dejando la piel profundamente limpia y con una suavidad que se siente.<\/p>\n<p>El producto contiene carb\u00f3n natural, un ingrediente com\u00fan presente en la naturaleza y reconocido por su capacidad para extraer y atrapar impurezas.<\/p>\n<p>Contiene tecnolog\u00eda purificadora de la piel.<\/p>\n<p>Para piel grasa<\/p>\n<p>Sin aceites<br \/>\nProbado por dermat\u00f3logo<br \/>\nHipoalerg\u00e9nico<\/p>\n","protected":false},"excerpt":{"rendered":"<p>Extrae y atrapa 2 veces m\u00e1s suciedad e impurezas que un limpiador b\u00e1sico, dejando la piel profundamente limpia y con una suavidad que se siente.<\/p>\n","protected":false},"featured_media":3621,"comment_status":"open","ping_status":"closed","template":"","meta":[],"product_cat":[130,259],"product_tag":[275,289,299,300,291],"_links":{"self":[{"href":"https:\/\/www.inesa.com.do\/index.php?rest_route=\/wp\/v2\/product\/3620"}],"collection":[{"href":"https:\/\/www.inesa.com.do\/index.php?rest_route=\/wp\/v2\/product"}],"about":[{"href":"https:\/\/www.inesa.com.do\/index.php?rest_route=\/wp\/v2\/types\/product"}],"replies":[{"embeddable":true,"href":"https:\/\/www.inesa.com.do\/index.php?rest_route=%2Fwp%2Fv2%2Fcomments&post=3620"}],"version-history":[{"count":1,"href":"https:\/\/www.inesa.com.do\/index.php?rest_route=\/wp\/v2\/product\/3620\/revisions"}],"predecessor-version":[{"id":3622,"href":"https:\/\/www.inesa.com.do\/index.php?rest_route=\/wp\/v2\/product\/3620\/revisions\/3622"}],"wp:featuredmedia":[{"embeddable":true,"href":"https:\/\/www.inesa.com.do\/index.php?rest_route=\/wp\/v2\/media\/3621"}],"wp:attachment":[{"href":"https:\/\/www.inesa.com.do\/index.php?rest_route=%2Fwp%2Fv2%2Fmedia&parent=3620"}],"wp:term":[{"taxonomy":"product_cat","embeddable":true,"href":"https:\/\/www.inesa.com.do\/index.php?rest_route=%2Fwp%2Fv2%2Fproduct_cat&post=3620"},{"taxonomy":"product_tag","embeddable":true,"href":"https:\/\/www.inesa.com.do\/index.php?rest_route=%2Fwp%2Fv2%2Fproduct_tag&post=3620"}],"curies":[{"name":"wp","href":"https:\/\/api.w.org\/{rel}","templated":true}]}}