{"id":3623,"date":"2021-05-26T11:54:29","date_gmt":"2021-05-26T11:54:29","guid":{"rendered":"http:\/\/www.inesa.com.do\/?post_type=product&#038;p=3623"},"modified":"2021-05-26T11:54:29","modified_gmt":"2021-05-26T11:54:29","slug":"biore-mascarilla-termica-con-carbon-natural","status":"publish","type":"product","link":"https:\/\/www.inesa.com.do\/?product=biore-mascarilla-termica-con-carbon-natural","title":{"rendered":"Bior\u00e9 Mascarilla T\u00e9rmica con Carb\u00f3n Natural"},"content":{"rendered":"<p>Esta f\u00f3rmula exclusiva se calienta al hacer contacto con el agua para abrir los poros y extraer la suciedad y grasa que obstruyen los poros, para luego enfriarse y dejar la piel tersa, fresca y con una sensaci\u00f3n agradable.<br \/>\nElimina 2.5 veces m\u00e1s suciedad y grasa que obstruyen los poros, en comparaci\u00f3n con un limpiador b\u00e1sico.<br \/>\nEl producto contiene carb\u00f3n natural, un ingrediente com\u00fan presente en la naturaleza y reconocido por su capacidad para extraer y atrapar impurezas.<br \/>\nHipoalerg\u00e9nico<br \/>\nNo comedog\u00e9nicas (no obstruyen los poros)<\/p>\n","protected":false},"excerpt":{"rendered":"<p>Esta f\u00f3rmula exclusiva se calienta al hacer contacto con el agua para abrir los poros y extraer la suciedad y grasa<\/p>\n","protected":false},"featured_media":3624,"comment_status":"open","ping_status":"closed","template":"","meta":[],"product_cat":[130,293],"product_tag":[275,289,301,291],"_links":{"self":[{"href":"https:\/\/www.inesa.com.do\/index.php?rest_route=\/wp\/v2\/product\/3623"}],"collection":[{"href":"https:\/\/www.inesa.com.do\/index.php?rest_route=\/wp\/v2\/product"}],"about":[{"href":"https:\/\/www.inesa.com.do\/index.php?rest_route=\/wp\/v2\/types\/product"}],"replies":[{"embeddable":true,"href":"https:\/\/www.inesa.com.do\/index.php?rest_route=%2Fwp%2Fv2%2Fcomments&post=3623"}],"version-history":[{"count":1,"href":"https:\/\/www.inesa.com.do\/index.php?rest_route=\/wp\/v2\/product\/3623\/revisions"}],"predecessor-version":[{"id":3625,"href":"https:\/\/www.inesa.com.do\/index.php?rest_route=\/wp\/v2\/product\/3623\/revisions\/3625"}],"wp:featuredmedia":[{"embeddable":true,"href":"https:\/\/www.inesa.com.do\/index.php?rest_route=\/wp\/v2\/media\/3624"}],"wp:attachment":[{"href":"https:\/\/www.inesa.com.do\/index.php?rest_route=%2Fwp%2Fv2%2Fmedia&parent=3623"}],"wp:term":[{"taxonomy":"product_cat","embeddable":true,"href":"https:\/\/www.inesa.com.do\/index.php?rest_route=%2Fwp%2Fv2%2Fproduct_cat&post=3623"},{"taxonomy":"product_tag","embeddable":true,"href":"https:\/\/www.inesa.com.do\/index.php?rest_route=%2Fwp%2Fv2%2Fproduct_tag&post=3623"}],"curies":[{"name":"wp","href":"https:\/\/api.w.org\/{rel}","templated":true}]}}