{"id":3657,"date":"2021-05-26T20:59:15","date_gmt":"2021-05-26T20:59:15","guid":{"rendered":"http:\/\/www.inesa.com.do\/?post_type=product&#038;p=3657"},"modified":"2021-05-26T21:02:03","modified_gmt":"2021-05-26T21:02:03","slug":"heno-de-pravia-jabon-antibacteriano","status":"publish","type":"product","link":"https:\/\/www.inesa.com.do\/?product=heno-de-pravia-jabon-antibacteriano","title":{"rendered":"Heno de Pravia Jab\u00f3n Antibacteriano"},"content":{"rendered":"<p>El Jab\u00f3n Antibacteriano Heno de Pravia, gracias a su activo antis\u00e9ptico, protege la piel de tu familia contra las bacterias. Es un jab\u00f3n natural, 100% sin detergentes sint\u00e9cticos. Con la fragancia de Heno de Pravia de siempre.<\/p>\n","protected":false},"excerpt":{"rendered":"<p>Activo antis\u00e9ptico, protege la piel de tu familia contra las bacterias<\/p>\n","protected":false},"featured_media":3658,"comment_status":"open","ping_status":"closed","template":"","meta":[],"product_cat":[125,126],"product_tag":[307,305,200],"_links":{"self":[{"href":"https:\/\/www.inesa.com.do\/index.php?rest_route=\/wp\/v2\/product\/3657"}],"collection":[{"href":"https:\/\/www.inesa.com.do\/index.php?rest_route=\/wp\/v2\/product"}],"about":[{"href":"https:\/\/www.inesa.com.do\/index.php?rest_route=\/wp\/v2\/types\/product"}],"replies":[{"embeddable":true,"href":"https:\/\/www.inesa.com.do\/index.php?rest_route=%2Fwp%2Fv2%2Fcomments&post=3657"}],"version-history":[{"count":1,"href":"https:\/\/www.inesa.com.do\/index.php?rest_route=\/wp\/v2\/product\/3657\/revisions"}],"predecessor-version":[{"id":3659,"href":"https:\/\/www.inesa.com.do\/index.php?rest_route=\/wp\/v2\/product\/3657\/revisions\/3659"}],"wp:featuredmedia":[{"embeddable":true,"href":"https:\/\/www.inesa.com.do\/index.php?rest_route=\/wp\/v2\/media\/3658"}],"wp:attachment":[{"href":"https:\/\/www.inesa.com.do\/index.php?rest_route=%2Fwp%2Fv2%2Fmedia&parent=3657"}],"wp:term":[{"taxonomy":"product_cat","embeddable":true,"href":"https:\/\/www.inesa.com.do\/index.php?rest_route=%2Fwp%2Fv2%2Fproduct_cat&post=3657"},{"taxonomy":"product_tag","embeddable":true,"href":"https:\/\/www.inesa.com.do\/index.php?rest_route=%2Fwp%2Fv2%2Fproduct_tag&post=3657"}],"curies":[{"name":"wp","href":"https:\/\/api.w.org\/{rel}","templated":true}]}}