{"id":3660,"date":"2021-05-26T21:02:13","date_gmt":"2021-05-26T21:02:13","guid":{"rendered":"http:\/\/www.inesa.com.do\/?post_type=product&#038;p=3660"},"modified":"2021-05-26T21:05:33","modified_gmt":"2021-05-26T21:05:33","slug":"heno-de-pravia-jabon-original","status":"publish","type":"product","link":"https:\/\/www.inesa.com.do\/?product=heno-de-pravia-jabon-original","title":{"rendered":"Heno de Pravia Jab\u00f3n Original"},"content":{"rendered":"<p>Jab\u00f3n de tocador Heno de Pravia original. Su inconfundible fragancia reproduce el aroma fresco y limpio del heno reci\u00e9n cortado.<\/p>\n<p>&nbsp;<\/p>\n","protected":false},"excerpt":{"rendered":"<p>Su inconfundible fragancia reproduce el aroma fresco y limpio del heno reci\u00e9n cortado.<\/p>\n<p>&nbsp;<\/p>\n","protected":false},"featured_media":3661,"comment_status":"open","ping_status":"closed","template":"","meta":[],"product_cat":[125,126],"product_tag":[307,305,200],"_links":{"self":[{"href":"https:\/\/www.inesa.com.do\/index.php?rest_route=\/wp\/v2\/product\/3660"}],"collection":[{"href":"https:\/\/www.inesa.com.do\/index.php?rest_route=\/wp\/v2\/product"}],"about":[{"href":"https:\/\/www.inesa.com.do\/index.php?rest_route=\/wp\/v2\/types\/product"}],"replies":[{"embeddable":true,"href":"https:\/\/www.inesa.com.do\/index.php?rest_route=%2Fwp%2Fv2%2Fcomments&post=3660"}],"version-history":[{"count":1,"href":"https:\/\/www.inesa.com.do\/index.php?rest_route=\/wp\/v2\/product\/3660\/revisions"}],"predecessor-version":[{"id":3662,"href":"https:\/\/www.inesa.com.do\/index.php?rest_route=\/wp\/v2\/product\/3660\/revisions\/3662"}],"wp:featuredmedia":[{"embeddable":true,"href":"https:\/\/www.inesa.com.do\/index.php?rest_route=\/wp\/v2\/media\/3661"}],"wp:attachment":[{"href":"https:\/\/www.inesa.com.do\/index.php?rest_route=%2Fwp%2Fv2%2Fmedia&parent=3660"}],"wp:term":[{"taxonomy":"product_cat","embeddable":true,"href":"https:\/\/www.inesa.com.do\/index.php?rest_route=%2Fwp%2Fv2%2Fproduct_cat&post=3660"},{"taxonomy":"product_tag","embeddable":true,"href":"https:\/\/www.inesa.com.do\/index.php?rest_route=%2Fwp%2Fv2%2Fproduct_tag&post=3660"}],"curies":[{"name":"wp","href":"https:\/\/api.w.org\/{rel}","templated":true}]}}