{"id":3703,"date":"2021-05-27T13:33:26","date_gmt":"2021-05-27T17:33:26","guid":{"rendered":"http:\/\/www.inesa.com.do\/?post_type=product&#038;p=3703"},"modified":"2022-07-27T23:56:45","modified_gmt":"2022-07-28T03:56:45","slug":"secret-weapon-touch-up-creme","status":"publish","type":"product","link":"https:\/\/www.inesa.com.do\/?product=secret-weapon-touch-up-creme","title":{"rendered":"Secret Weapon Touch-Up Cr\u00e8me"},"content":{"rendered":"<p><strong>C\u00d3MO FUNCIONA:<\/strong><\/p>\n<div>\u2022Crema excepcional aplicada al cabello seco funciona instant\u00e1neamente para camuflar las imperfecciones y reemplazar los aceites naturales perdidos por el secado.<\/div>\n<div>\u2022Calma y alisa el cabello propenso al frizz y deja un acabado impecable y brillante.<\/div>\n<p>&nbsp;<\/p>\n<p>USO Y CONSEJOS: Aplica sobre el cabello seco. Frota una peque\u00f1a cantidad de crema entre las manos. Primero, aplica debajo de las capas de cabello, concentr\u00e1ndote en los extremos donde el cabello es m\u00e1s seco. Luego, pasa suavemente las manos sobre la superficie. Usa m\u00e1s para domar las \u00e1reas problem\u00e1ticas. Vuelve a aplicar seg\u00fan sea necesario.<\/p>\n<div>\u2022Genial para el estilo del segundo d\u00eda. \u00dasalo sobre el cabello seco para controlar el frizz matutino, los problemas de media tarde o el cabello de \u201creci\u00e9n levantada\u201d.<\/div>\n","protected":false},"excerpt":{"rendered":"<p>Detiene el frizz al contacto. Formulada con aceite de aguacate, esta crema \u00fanica sella la humedad para eliminar los cabellos sueltos entre el peinado.<\/p>\n","protected":false},"featured_media":4401,"comment_status":"open","ping_status":"closed","template":"","meta":[],"product_cat":[318,118],"product_tag":[157,322,321],"_links":{"self":[{"href":"https:\/\/www.inesa.com.do\/index.php?rest_route=\/wp\/v2\/product\/3703"}],"collection":[{"href":"https:\/\/www.inesa.com.do\/index.php?rest_route=\/wp\/v2\/product"}],"about":[{"href":"https:\/\/www.inesa.com.do\/index.php?rest_route=\/wp\/v2\/types\/product"}],"replies":[{"embeddable":true,"href":"https:\/\/www.inesa.com.do\/index.php?rest_route=%2Fwp%2Fv2%2Fcomments&post=3703"}],"version-history":[{"count":1,"href":"https:\/\/www.inesa.com.do\/index.php?rest_route=\/wp\/v2\/product\/3703\/revisions"}],"predecessor-version":[{"id":3705,"href":"https:\/\/www.inesa.com.do\/index.php?rest_route=\/wp\/v2\/product\/3703\/revisions\/3705"}],"wp:featuredmedia":[{"embeddable":true,"href":"https:\/\/www.inesa.com.do\/index.php?rest_route=\/wp\/v2\/media\/4401"}],"wp:attachment":[{"href":"https:\/\/www.inesa.com.do\/index.php?rest_route=%2Fwp%2Fv2%2Fmedia&parent=3703"}],"wp:term":[{"taxonomy":"product_cat","embeddable":true,"href":"https:\/\/www.inesa.com.do\/index.php?rest_route=%2Fwp%2Fv2%2Fproduct_cat&post=3703"},{"taxonomy":"product_tag","embeddable":true,"href":"https:\/\/www.inesa.com.do\/index.php?rest_route=%2Fwp%2Fv2%2Fproduct_tag&post=3703"}],"curies":[{"name":"wp","href":"https:\/\/api.w.org\/{rel}","templated":true}]}}