{"id":3706,"date":"2021-05-27T13:55:33","date_gmt":"2021-05-27T17:55:33","guid":{"rendered":"http:\/\/www.inesa.com.do\/?post_type=product&#038;p=3706"},"modified":"2024-09-17T18:52:00","modified_gmt":"2024-09-17T22:52:00","slug":"curl-reviver-styling-mousse","status":"publish","type":"product","link":"https:\/\/www.inesa.com.do\/?product=curl-reviver-styling-mousse","title":{"rendered":"Curl Reviver Styling Mousse"},"content":{"rendered":"<p><strong>C\u00d3MO FUNCIONA:<\/strong><\/p>\n<div>\u2022Con una infusi\u00f3n de aceite abisinia, este mousse doma el frizzmientras da forma a tu estilo para que tus rizos se vean lo mejor posible todo el d\u00eda.<\/div>\n<div>\u2022Brinda un agarre no crujiente y un brillo magn\u00edfico para tu estilo rizado.<\/div>\n<div>\u2022No pegajoso y sin alcohol.<\/div>\n<p>USO Y CONSEJOS: Comienza con Frizz Ease Dream Curls Shampoo y Acondicionador para preparar tus rizos para un estilo sedoso y bellamente definido.<\/p>\n<p>Agita bien la lata antes de usar. Voltea la lata boca abajo y dispensa en las manos. Distribuye uniformemente a trav\u00e9s del cabello h\u00famedo. Peina con tus dedos o s\u00e9calo con un difusor. Consejo del estilista: Comienza volteando la cabeza y aplicando el producto en las ra\u00edces, movi\u00e9ndote hacia los extremos. Voltea el cabello hacia atr\u00e1s y pasa un peine de dientes anchos para una distribuci\u00f3n uniforme y un cabello sin enredos<\/p>\n","protected":false},"excerpt":{"rendered":"<p>Restaura la elasticidad y la definici\u00f3n de los rizos naturales.<\/p>\n","protected":false},"featured_media":4397,"comment_status":"open","ping_status":"closed","template":"","meta":[],"product_cat":[118,124],"product_tag":[324,157,323],"_links":{"self":[{"href":"https:\/\/www.inesa.com.do\/index.php?rest_route=\/wp\/v2\/product\/3706"}],"collection":[{"href":"https:\/\/www.inesa.com.do\/index.php?rest_route=\/wp\/v2\/product"}],"about":[{"href":"https:\/\/www.inesa.com.do\/index.php?rest_route=\/wp\/v2\/types\/product"}],"replies":[{"embeddable":true,"href":"https:\/\/www.inesa.com.do\/index.php?rest_route=%2Fwp%2Fv2%2Fcomments&post=3706"}],"version-history":[{"count":1,"href":"https:\/\/www.inesa.com.do\/index.php?rest_route=\/wp\/v2\/product\/3706\/revisions"}],"predecessor-version":[{"id":3708,"href":"https:\/\/www.inesa.com.do\/index.php?rest_route=\/wp\/v2\/product\/3706\/revisions\/3708"}],"wp:featuredmedia":[{"embeddable":true,"href":"https:\/\/www.inesa.com.do\/index.php?rest_route=\/wp\/v2\/media\/4397"}],"wp:attachment":[{"href":"https:\/\/www.inesa.com.do\/index.php?rest_route=%2Fwp%2Fv2%2Fmedia&parent=3706"}],"wp:term":[{"taxonomy":"product_cat","embeddable":true,"href":"https:\/\/www.inesa.com.do\/index.php?rest_route=%2Fwp%2Fv2%2Fproduct_cat&post=3706"},{"taxonomy":"product_tag","embeddable":true,"href":"https:\/\/www.inesa.com.do\/index.php?rest_route=%2Fwp%2Fv2%2Fproduct_tag&post=3706"}],"curies":[{"name":"wp","href":"https:\/\/api.w.org\/{rel}","templated":true}]}}