{"id":3709,"date":"2021-05-27T14:16:22","date_gmt":"2021-05-27T18:16:22","guid":{"rendered":"http:\/\/www.inesa.com.do\/?post_type=product&#038;p=3709"},"modified":"2022-07-27T23:53:14","modified_gmt":"2022-07-28T03:53:14","slug":"dream-curls-curl-perfecting-spray","status":"publish","type":"product","link":"https:\/\/www.inesa.com.do\/?product=dream-curls-curl-perfecting-spray","title":{"rendered":"Dream Curls Curl-Perfecting Spray"},"content":{"rendered":"<p><strong>C\u00d3MO FUNCIONA:<\/strong><\/p>\n<div>\u2022 Con una infusi\u00f3n de aceite abisinia, calma el frizz y restaura la definici\u00f3n, la elasticidad y la forma de los rizos naturales. Deja el cabello suave y brillante, nunca &#8220;crujiente&#8221; o pegajoso.<\/div>\n<div>\u2022 Los agentes especiales de acondicionamiento y brillo ayudan a combatir el frizz y dejan el cabello radiante con un brillo saludable.<\/div>\n<div>\u2022 Sin alcohol.<\/div>\n<p>USO Y CONSEJOS: Agita antes de usar. (Para obtener los mejores resultados, comienza con un Frizz Ease\u00ae Hair Serum). Roc\u00eda el producto generosamente sobre el cabello h\u00famedo desde las ra\u00edces hasta las puntas, distribuy\u00e9ndolo de manera uniforme. Presiona peque\u00f1as secciones de cabello suavemente en tu mano para ayudar a crear ondas.<\/p>\n<p>Deja que el cabello se seque al aire de forma natural o que se seque con un difusor en bajo. Para retoques o para el d\u00eda siguiente: roc\u00eda y presiona el cabello seco para revitalizar los rizos.<\/p>\n","protected":false},"excerpt":{"rendered":"<p>Revitaliza y mejora los rizos naturales para devolverlos a su mejor forma.<\/p>\n","protected":false},"featured_media":4395,"comment_status":"open","ping_status":"closed","template":"","meta":[],"product_cat":[118,325],"product_tag":[156,157,245],"_links":{"self":[{"href":"https:\/\/www.inesa.com.do\/index.php?rest_route=\/wp\/v2\/product\/3709"}],"collection":[{"href":"https:\/\/www.inesa.com.do\/index.php?rest_route=\/wp\/v2\/product"}],"about":[{"href":"https:\/\/www.inesa.com.do\/index.php?rest_route=\/wp\/v2\/types\/product"}],"replies":[{"embeddable":true,"href":"https:\/\/www.inesa.com.do\/index.php?rest_route=%2Fwp%2Fv2%2Fcomments&post=3709"}],"version-history":[{"count":1,"href":"https:\/\/www.inesa.com.do\/index.php?rest_route=\/wp\/v2\/product\/3709\/revisions"}],"predecessor-version":[{"id":3711,"href":"https:\/\/www.inesa.com.do\/index.php?rest_route=\/wp\/v2\/product\/3709\/revisions\/3711"}],"wp:featuredmedia":[{"embeddable":true,"href":"https:\/\/www.inesa.com.do\/index.php?rest_route=\/wp\/v2\/media\/4395"}],"wp:attachment":[{"href":"https:\/\/www.inesa.com.do\/index.php?rest_route=%2Fwp%2Fv2%2Fmedia&parent=3709"}],"wp:term":[{"taxonomy":"product_cat","embeddable":true,"href":"https:\/\/www.inesa.com.do\/index.php?rest_route=%2Fwp%2Fv2%2Fproduct_cat&post=3709"},{"taxonomy":"product_tag","embeddable":true,"href":"https:\/\/www.inesa.com.do\/index.php?rest_route=%2Fwp%2Fv2%2Fproduct_tag&post=3709"}],"curies":[{"name":"wp","href":"https:\/\/api.w.org\/{rel}","templated":true}]}}