{"id":3722,"date":"2021-06-21T19:49:34","date_gmt":"2021-06-21T19:49:34","guid":{"rendered":"http:\/\/www.inesa.com.do\/?post_type=product&#038;p=3722"},"modified":"2022-07-28T11:47:38","modified_gmt":"2022-07-28T15:47:38","slug":"partner-desodorante-aloe-vera","status":"publish","type":"product","link":"https:\/\/www.inesa.com.do\/?product=partner-desodorante-aloe-vera","title":{"rendered":"Partner Desodorante  Aloe Vera"},"content":{"rendered":"<p>Acci\u00f3n desodorante y anti-perspirante con la m\u00e1xima combinaci\u00f3n de protecci\u00f3n , fragancia y frescura en sus dos presentaciones: Aloe vera y powder scent.<\/p>\n","protected":false},"excerpt":{"rendered":"<p>M\u00e1xima combinaci\u00f3n de protecci\u00f3n , fragancia y frescura en sus dos presentaciones: Aloe vera y powder scent.<\/p>\n","protected":false},"featured_media":4566,"comment_status":"open","ping_status":"closed","template":"","meta":[],"product_cat":[129,125],"product_tag":[207,331,310],"_links":{"self":[{"href":"https:\/\/www.inesa.com.do\/index.php?rest_route=\/wp\/v2\/product\/3722"}],"collection":[{"href":"https:\/\/www.inesa.com.do\/index.php?rest_route=\/wp\/v2\/product"}],"about":[{"href":"https:\/\/www.inesa.com.do\/index.php?rest_route=\/wp\/v2\/types\/product"}],"replies":[{"embeddable":true,"href":"https:\/\/www.inesa.com.do\/index.php?rest_route=%2Fwp%2Fv2%2Fcomments&post=3722"}],"version-history":[{"count":3,"href":"https:\/\/www.inesa.com.do\/index.php?rest_route=\/wp\/v2\/product\/3722\/revisions"}],"predecessor-version":[{"id":3727,"href":"https:\/\/www.inesa.com.do\/index.php?rest_route=\/wp\/v2\/product\/3722\/revisions\/3727"}],"wp:featuredmedia":[{"embeddable":true,"href":"https:\/\/www.inesa.com.do\/index.php?rest_route=\/wp\/v2\/media\/4566"}],"wp:attachment":[{"href":"https:\/\/www.inesa.com.do\/index.php?rest_route=%2Fwp%2Fv2%2Fmedia&parent=3722"}],"wp:term":[{"taxonomy":"product_cat","embeddable":true,"href":"https:\/\/www.inesa.com.do\/index.php?rest_route=%2Fwp%2Fv2%2Fproduct_cat&post=3722"},{"taxonomy":"product_tag","embeddable":true,"href":"https:\/\/www.inesa.com.do\/index.php?rest_route=%2Fwp%2Fv2%2Fproduct_tag&post=3722"}],"curies":[{"name":"wp","href":"https:\/\/api.w.org\/{rel}","templated":true}]}}