{"id":3728,"date":"2021-06-21T19:58:02","date_gmt":"2021-06-21T19:58:02","guid":{"rendered":"http:\/\/www.inesa.com.do\/?post_type=product&#038;p=3728"},"modified":"2022-08-30T14:14:17","modified_gmt":"2022-08-30T18:14:17","slug":"partners-desodorante-powder-scent","status":"publish","type":"product","link":"https:\/\/www.inesa.com.do\/?product=partners-desodorante-powder-scent","title":{"rendered":"Partners Desodorante Powder Scent"},"content":{"rendered":"<p>Acci\u00f3n desodorante y anti-perspirante con la m\u00e1xima combinaci\u00f3n de protecci\u00f3n, fragancia y frescura en sus dos presentaciones: Aloe vera y powder scent.<\/p>\n","protected":false},"excerpt":{"rendered":"<p>M\u00e1xima combinaci\u00f3n de protecci\u00f3n , fragancia y frescura en sus dos presentaciones: Aloe vera y powder scent.<\/p>\n","protected":false},"featured_media":4564,"comment_status":"open","ping_status":"closed","template":"","meta":[],"product_cat":[129,125],"product_tag":[340,310,559,332],"_links":{"self":[{"href":"https:\/\/www.inesa.com.do\/index.php?rest_route=\/wp\/v2\/product\/3728"}],"collection":[{"href":"https:\/\/www.inesa.com.do\/index.php?rest_route=\/wp\/v2\/product"}],"about":[{"href":"https:\/\/www.inesa.com.do\/index.php?rest_route=\/wp\/v2\/types\/product"}],"replies":[{"embeddable":true,"href":"https:\/\/www.inesa.com.do\/index.php?rest_route=%2Fwp%2Fv2%2Fcomments&post=3728"}],"version-history":[{"count":3,"href":"https:\/\/www.inesa.com.do\/index.php?rest_route=\/wp\/v2\/product\/3728\/revisions"}],"predecessor-version":[{"id":4565,"href":"https:\/\/www.inesa.com.do\/index.php?rest_route=\/wp\/v2\/product\/3728\/revisions\/4565"}],"wp:featuredmedia":[{"embeddable":true,"href":"https:\/\/www.inesa.com.do\/index.php?rest_route=\/wp\/v2\/media\/4564"}],"wp:attachment":[{"href":"https:\/\/www.inesa.com.do\/index.php?rest_route=%2Fwp%2Fv2%2Fmedia&parent=3728"}],"wp:term":[{"taxonomy":"product_cat","embeddable":true,"href":"https:\/\/www.inesa.com.do\/index.php?rest_route=%2Fwp%2Fv2%2Fproduct_cat&post=3728"},{"taxonomy":"product_tag","embeddable":true,"href":"https:\/\/www.inesa.com.do\/index.php?rest_route=%2Fwp%2Fv2%2Fproduct_tag&post=3728"}],"curies":[{"name":"wp","href":"https:\/\/api.w.org\/{rel}","templated":true}]}}