{"id":3746,"date":"2021-06-21T20:37:27","date_gmt":"2021-06-21T20:37:27","guid":{"rendered":"http:\/\/www.inesa.com.do\/?post_type=product&#038;p=3746"},"modified":"2026-02-01T11:32:40","modified_gmt":"2026-02-01T15:32:40","slug":"agua-de-petalos-desodorante-regular","status":"publish","type":"product","link":"https:\/\/www.inesa.com.do\/?product=agua-de-petalos-desodorante-regular","title":{"rendered":"Agua de P\u00e9talos Desodorante Regular"},"content":{"rendered":"<p>Alta protecci\u00f3n , r\u00e1pido\u00a0 secado y cuidado de la piel delicada.<\/p>\n<p>Regular con su tradicional fragancia de vainilla, bergamota y esencias florales<\/p>\n","protected":false},"excerpt":{"rendered":"<p>Esencia regular con su tradicional fragancia de vainilla, bergamota y esencias florales.<\/p>\n","protected":false},"featured_media":3747,"comment_status":"open","ping_status":"closed","template":"","meta":[],"product_cat":[129,125],"product_tag":[339,310],"_links":{"self":[{"href":"https:\/\/www.inesa.com.do\/index.php?rest_route=\/wp\/v2\/product\/3746"}],"collection":[{"href":"https:\/\/www.inesa.com.do\/index.php?rest_route=\/wp\/v2\/product"}],"about":[{"href":"https:\/\/www.inesa.com.do\/index.php?rest_route=\/wp\/v2\/types\/product"}],"replies":[{"embeddable":true,"href":"https:\/\/www.inesa.com.do\/index.php?rest_route=%2Fwp%2Fv2%2Fcomments&post=3746"}],"version-history":[{"count":1,"href":"https:\/\/www.inesa.com.do\/index.php?rest_route=\/wp\/v2\/product\/3746\/revisions"}],"predecessor-version":[{"id":3748,"href":"https:\/\/www.inesa.com.do\/index.php?rest_route=\/wp\/v2\/product\/3746\/revisions\/3748"}],"wp:featuredmedia":[{"embeddable":true,"href":"https:\/\/www.inesa.com.do\/index.php?rest_route=\/wp\/v2\/media\/3747"}],"wp:attachment":[{"href":"https:\/\/www.inesa.com.do\/index.php?rest_route=%2Fwp%2Fv2%2Fmedia&parent=3746"}],"wp:term":[{"taxonomy":"product_cat","embeddable":true,"href":"https:\/\/www.inesa.com.do\/index.php?rest_route=%2Fwp%2Fv2%2Fproduct_cat&post=3746"},{"taxonomy":"product_tag","embeddable":true,"href":"https:\/\/www.inesa.com.do\/index.php?rest_route=%2Fwp%2Fv2%2Fproduct_tag&post=3746"}],"curies":[{"name":"wp","href":"https:\/\/api.w.org\/{rel}","templated":true}]}}