{"id":3749,"date":"2021-06-21T20:48:39","date_gmt":"2021-06-21T20:48:39","guid":{"rendered":"http:\/\/www.inesa.com.do\/?post_type=product&#038;p=3749"},"modified":"2021-06-21T20:52:46","modified_gmt":"2021-06-21T20:52:46","slug":"dry-kids-desodorante-azul","status":"publish","type":"product","link":"https:\/\/www.inesa.com.do\/?product=dry-kids-desodorante-azul","title":{"rendered":"Dry Kids Desodorante Azul"},"content":{"rendered":"<p>Exclusiva formula sin aluminio y alcohol cl\u00ednicamente probada a base de leche magnesia para garantizar sus cualidades no irritantes ante pieles sensibles.<\/p>\n<p>&nbsp;<\/p>\n<p>Disponibles en dos presentaciones para ni\u00f1os de 6 -12 a\u00f1os, protecci\u00f3n hasta 12 horas incluso durante actividad f\u00edsica demandante.<\/p>\n","protected":false},"excerpt":{"rendered":"<p>Exclusiva formula sin aluminio y alcohol cl\u00ednicamente probada a base de leche magnesia para garantizar sus cualidades no irritantes ante pieles sensibles.<\/p>\n","protected":false},"featured_media":3750,"comment_status":"open","ping_status":"closed","template":"","meta":[],"product_cat":[129,125],"product_tag":[310,341],"_links":{"self":[{"href":"https:\/\/www.inesa.com.do\/index.php?rest_route=\/wp\/v2\/product\/3749"}],"collection":[{"href":"https:\/\/www.inesa.com.do\/index.php?rest_route=\/wp\/v2\/product"}],"about":[{"href":"https:\/\/www.inesa.com.do\/index.php?rest_route=\/wp\/v2\/types\/product"}],"replies":[{"embeddable":true,"href":"https:\/\/www.inesa.com.do\/index.php?rest_route=%2Fwp%2Fv2%2Fcomments&post=3749"}],"version-history":[{"count":1,"href":"https:\/\/www.inesa.com.do\/index.php?rest_route=\/wp\/v2\/product\/3749\/revisions"}],"predecessor-version":[{"id":3751,"href":"https:\/\/www.inesa.com.do\/index.php?rest_route=\/wp\/v2\/product\/3749\/revisions\/3751"}],"wp:featuredmedia":[{"embeddable":true,"href":"https:\/\/www.inesa.com.do\/index.php?rest_route=\/wp\/v2\/media\/3750"}],"wp:attachment":[{"href":"https:\/\/www.inesa.com.do\/index.php?rest_route=%2Fwp%2Fv2%2Fmedia&parent=3749"}],"wp:term":[{"taxonomy":"product_cat","embeddable":true,"href":"https:\/\/www.inesa.com.do\/index.php?rest_route=%2Fwp%2Fv2%2Fproduct_cat&post=3749"},{"taxonomy":"product_tag","embeddable":true,"href":"https:\/\/www.inesa.com.do\/index.php?rest_route=%2Fwp%2Fv2%2Fproduct_tag&post=3749"}],"curies":[{"name":"wp","href":"https:\/\/api.w.org\/{rel}","templated":true}]}}