{"id":3763,"date":"2021-06-21T21:32:15","date_gmt":"2021-06-21T21:32:15","guid":{"rendered":"http:\/\/www.inesa.com.do\/?post_type=product&#038;p=3763"},"modified":"2022-07-03T13:03:38","modified_gmt":"2022-07-03T17:03:38","slug":"hair-serum-extra-strength","status":"publish","type":"product","link":"https:\/\/www.inesa.com.do\/?product=hair-serum-extra-strength","title":{"rendered":"John Frieda Hair Serum Extra-Strength"},"content":{"rendered":"<p>Esta f\u00f3rmula transformadora elimina instant\u00e1neamente el frizz cr\u00f3nico para un cabello sedoso, brillante y ultra manejable, ya sea que el estilo sea liso, ondulado o rizado.<\/p>\n<p>C\u00d3MO FUNCIONA:<\/p>\n<div>\u2022Esta f\u00f3rmula, infundida con prote\u00edna de seda, hidrata y suaviza las hebras. secas y gruesas y protege los mechones de las da\u00f1inas herramientas de calor.<\/div>\n<div>\u2022Repele la humedad para ayudar a prevenir el frizz relacionado con el clima.<\/div>\n<div>\u2022El uso diario ayuda a evitar que el frizz empeore con el tiempo.<\/div>\n<div>\u2022Proporciona protecci\u00f3n contra el calor.<\/div>\n","protected":false},"excerpt":{"rendered":"<p>Dise\u00f1ado para cabello grueso y \u00e1spero.<\/p>\n","protected":false},"featured_media":3765,"comment_status":"open","ping_status":"closed","template":"","meta":[],"product_cat":[118,123],"product_tag":[347,157,57],"_links":{"self":[{"href":"https:\/\/www.inesa.com.do\/index.php?rest_route=\/wp\/v2\/product\/3763"}],"collection":[{"href":"https:\/\/www.inesa.com.do\/index.php?rest_route=\/wp\/v2\/product"}],"about":[{"href":"https:\/\/www.inesa.com.do\/index.php?rest_route=\/wp\/v2\/types\/product"}],"replies":[{"embeddable":true,"href":"https:\/\/www.inesa.com.do\/index.php?rest_route=%2Fwp%2Fv2%2Fcomments&post=3763"}],"version-history":[{"count":2,"href":"https:\/\/www.inesa.com.do\/index.php?rest_route=\/wp\/v2\/product\/3763\/revisions"}],"predecessor-version":[{"id":4231,"href":"https:\/\/www.inesa.com.do\/index.php?rest_route=\/wp\/v2\/product\/3763\/revisions\/4231"}],"wp:featuredmedia":[{"embeddable":true,"href":"https:\/\/www.inesa.com.do\/index.php?rest_route=\/wp\/v2\/media\/3765"}],"wp:attachment":[{"href":"https:\/\/www.inesa.com.do\/index.php?rest_route=%2Fwp%2Fv2%2Fmedia&parent=3763"}],"wp:term":[{"taxonomy":"product_cat","embeddable":true,"href":"https:\/\/www.inesa.com.do\/index.php?rest_route=%2Fwp%2Fv2%2Fproduct_cat&post=3763"},{"taxonomy":"product_tag","embeddable":true,"href":"https:\/\/www.inesa.com.do\/index.php?rest_route=%2Fwp%2Fv2%2Fproduct_tag&post=3763"}],"curies":[{"name":"wp","href":"https:\/\/api.w.org\/{rel}","templated":true}]}}