{"id":3776,"date":"2021-06-21T21:47:03","date_gmt":"2021-06-21T21:47:03","guid":{"rendered":"http:\/\/www.inesa.com.do\/?post_type=product&#038;p=3776"},"modified":"2025-09-05T10:05:03","modified_gmt":"2025-09-05T14:05:03","slug":"gentleman-district-body-lotion","status":"publish","type":"product","link":"https:\/\/www.inesa.com.do\/?product=gentleman-district-body-lotion","title":{"rendered":"Gentleman District Body Lotion"},"content":{"rendered":"<p>Loci\u00f3n para todo tipo de piel, formulada para una r\u00e1pida absorci\u00f3n, con propiedades hidratantes y emolientes a base de ingredientes naturales como el Col\u00e1geno, Vitamina A, E y C. El col\u00e1geno aporta humectaci\u00f3n y se encarga de que todos los nutrientes necesarios alimenten la dermis. Las vitaminas A y C son fundamentales para retrasar la aparici\u00f3n de arrugas y mantener una piel sana, y la vitamina E funciona como antioxidante. <\/p>\n","protected":false},"excerpt":{"rendered":"<p>Loci\u00f3n para todo tipo de piel, formulada para una r\u00e1pida absorci\u00f3n, con propiedades hidratantes y emolientes.<\/p>\n","protected":false},"featured_media":4515,"comment_status":"open","ping_status":"closed","template":"","meta":[],"product_cat":[133,168],"product_tag":[355,343,344,233],"_links":{"self":[{"href":"https:\/\/www.inesa.com.do\/index.php?rest_route=\/wp\/v2\/product\/3776"}],"collection":[{"href":"https:\/\/www.inesa.com.do\/index.php?rest_route=\/wp\/v2\/product"}],"about":[{"href":"https:\/\/www.inesa.com.do\/index.php?rest_route=\/wp\/v2\/types\/product"}],"replies":[{"embeddable":true,"href":"https:\/\/www.inesa.com.do\/index.php?rest_route=%2Fwp%2Fv2%2Fcomments&post=3776"}],"version-history":[{"count":3,"href":"https:\/\/www.inesa.com.do\/index.php?rest_route=\/wp\/v2\/product\/3776\/revisions"}],"predecessor-version":[{"id":4516,"href":"https:\/\/www.inesa.com.do\/index.php?rest_route=\/wp\/v2\/product\/3776\/revisions\/4516"}],"wp:featuredmedia":[{"embeddable":true,"href":"https:\/\/www.inesa.com.do\/index.php?rest_route=\/wp\/v2\/media\/4515"}],"wp:attachment":[{"href":"https:\/\/www.inesa.com.do\/index.php?rest_route=%2Fwp%2Fv2%2Fmedia&parent=3776"}],"wp:term":[{"taxonomy":"product_cat","embeddable":true,"href":"https:\/\/www.inesa.com.do\/index.php?rest_route=%2Fwp%2Fv2%2Fproduct_cat&post=3776"},{"taxonomy":"product_tag","embeddable":true,"href":"https:\/\/www.inesa.com.do\/index.php?rest_route=%2Fwp%2Fv2%2Fproduct_tag&post=3776"}],"curies":[{"name":"wp","href":"https:\/\/api.w.org\/{rel}","templated":true}]}}