{"id":3859,"date":"2021-06-22T19:23:20","date_gmt":"2021-06-22T23:23:20","guid":{"rendered":"http:\/\/www.inesa.com.do\/?post_type=product&#038;p=3859"},"modified":"2026-02-01T11:31:46","modified_gmt":"2026-02-01T15:31:46","slug":"agua-de-petalos-body-milk-pink","status":"publish","type":"product","link":"https:\/\/www.inesa.com.do\/?product=agua-de-petalos-body-milk-pink","title":{"rendered":"Agua de P\u00e9talos Body Milk Pink"},"content":{"rendered":"<p>Esta loci\u00f3n hidratante est\u00e1 formulada para pieles extra- seca. Contiene prote\u00ednas de leche que ayuda a recuperar la humectaci\u00f3n y la suavidad perdida. para mejores resultados usar diariamente.<\/p>\n","protected":false},"excerpt":{"rendered":"<p>Ideal para piel extra seca<\/p>\n","protected":false},"featured_media":3864,"comment_status":"open","ping_status":"closed","template":"","meta":[],"product_cat":[133,168],"product_tag":[371],"_links":{"self":[{"href":"https:\/\/www.inesa.com.do\/index.php?rest_route=\/wp\/v2\/product\/3859"}],"collection":[{"href":"https:\/\/www.inesa.com.do\/index.php?rest_route=\/wp\/v2\/product"}],"about":[{"href":"https:\/\/www.inesa.com.do\/index.php?rest_route=\/wp\/v2\/types\/product"}],"replies":[{"embeddable":true,"href":"https:\/\/www.inesa.com.do\/index.php?rest_route=%2Fwp%2Fv2%2Fcomments&post=3859"}],"version-history":[{"count":1,"href":"https:\/\/www.inesa.com.do\/index.php?rest_route=\/wp\/v2\/product\/3859\/revisions"}],"predecessor-version":[{"id":3868,"href":"https:\/\/www.inesa.com.do\/index.php?rest_route=\/wp\/v2\/product\/3859\/revisions\/3868"}],"wp:featuredmedia":[{"embeddable":true,"href":"https:\/\/www.inesa.com.do\/index.php?rest_route=\/wp\/v2\/media\/3864"}],"wp:attachment":[{"href":"https:\/\/www.inesa.com.do\/index.php?rest_route=%2Fwp%2Fv2%2Fmedia&parent=3859"}],"wp:term":[{"taxonomy":"product_cat","embeddable":true,"href":"https:\/\/www.inesa.com.do\/index.php?rest_route=%2Fwp%2Fv2%2Fproduct_cat&post=3859"},{"taxonomy":"product_tag","embeddable":true,"href":"https:\/\/www.inesa.com.do\/index.php?rest_route=%2Fwp%2Fv2%2Fproduct_tag&post=3859"}],"curies":[{"name":"wp","href":"https:\/\/api.w.org\/{rel}","templated":true}]}}