{"id":3899,"date":"2021-09-21T13:53:40","date_gmt":"2021-09-21T17:53:40","guid":{"rendered":"http:\/\/www.inesa.com.do\/?post_type=product&#038;p=3899"},"modified":"2026-02-01T11:37:31","modified_gmt":"2026-02-01T15:37:31","slug":"go-blonder-lightening-shampoo","status":"publish","type":"product","link":"https:\/\/www.inesa.com.do\/?product=go-blonder-lightening-shampoo","title":{"rendered":"Go Blonder Lightening Shampoo"},"content":{"rendered":"<p>Cabello m\u00e1s brillante y m\u00e1s fuerte: el tratamiento Go Blonder de John Frieda es un limpiador suave que gradualmente ilumina y aclara el cabello para un tono rubio visiblemente m\u00e1s claro, m\u00e1s brillante y m\u00e1s soleado.<br \/>\nIngredientes activos: el champ\u00fa Sheer Blonde Go Blonder de John Frieda est\u00e1 formulado con c\u00edtrico, manzanilla y nuestra tecnolog\u00eda BlondeMend.<br \/>\nSeguro para el cabello tratado con color. Los productos para cabello rubio de John Frieda se han desarrollado para un uso seguro en cabello natural, te\u00f1ido o con mechas.<br \/>\nMejor utilizado con acondicionador aclarante: combina con el acondicionador aclarante Sheer Blonde Go Blonder de John Frieda y la m\u00e1scara Miracle Go Blonder de lim\u00f3n para lograr un aclarado \u00f3ptimo.<br \/>\nToma control de tu color: \u00fasalo cada vez que te laves el cabello, ya sea una vez a la semana o una vez al d\u00eda.<\/p>\n","protected":false},"excerpt":{"rendered":"<p>Champ\u00fa aclarante Sheer Blonde Go Blonder con nuestra tecnolog\u00eda Blondmend, c\u00edtricos y manzanilla<\/p>\n","protected":false},"featured_media":3900,"comment_status":"open","ping_status":"closed","template":"","meta":[],"product_cat":[118,119],"product_tag":[378,157,379,377,58],"_links":{"self":[{"href":"https:\/\/www.inesa.com.do\/index.php?rest_route=\/wp\/v2\/product\/3899"}],"collection":[{"href":"https:\/\/www.inesa.com.do\/index.php?rest_route=\/wp\/v2\/product"}],"about":[{"href":"https:\/\/www.inesa.com.do\/index.php?rest_route=\/wp\/v2\/types\/product"}],"replies":[{"embeddable":true,"href":"https:\/\/www.inesa.com.do\/index.php?rest_route=%2Fwp%2Fv2%2Fcomments&post=3899"}],"version-history":[{"count":1,"href":"https:\/\/www.inesa.com.do\/index.php?rest_route=\/wp\/v2\/product\/3899\/revisions"}],"predecessor-version":[{"id":3901,"href":"https:\/\/www.inesa.com.do\/index.php?rest_route=\/wp\/v2\/product\/3899\/revisions\/3901"}],"wp:featuredmedia":[{"embeddable":true,"href":"https:\/\/www.inesa.com.do\/index.php?rest_route=\/wp\/v2\/media\/3900"}],"wp:attachment":[{"href":"https:\/\/www.inesa.com.do\/index.php?rest_route=%2Fwp%2Fv2%2Fmedia&parent=3899"}],"wp:term":[{"taxonomy":"product_cat","embeddable":true,"href":"https:\/\/www.inesa.com.do\/index.php?rest_route=%2Fwp%2Fv2%2Fproduct_cat&post=3899"},{"taxonomy":"product_tag","embeddable":true,"href":"https:\/\/www.inesa.com.do\/index.php?rest_route=%2Fwp%2Fv2%2Fproduct_tag&post=3899"}],"curies":[{"name":"wp","href":"https:\/\/api.w.org\/{rel}","templated":true}]}}