{"id":3902,"date":"2021-09-21T13:59:42","date_gmt":"2021-09-21T17:59:42","guid":{"rendered":"http:\/\/www.inesa.com.do\/?post_type=product&#038;p=3902"},"modified":"2023-11-30T11:27:10","modified_gmt":"2023-11-30T15:27:10","slug":"go-blonder-lightening-conditioner","status":"publish","type":"product","link":"https:\/\/www.inesa.com.do\/?product=go-blonder-lightening-conditioner","title":{"rendered":"Go Blonder Lightening Conditioner"},"content":{"rendered":"<p>Aclara sin secar: restaura la humedad al cabello tratado, o seco, mientras gradualmente aclara para un cabello rubio visiblemente m\u00e1s claro y m\u00e1s soleado.<br \/>\nIngredientes activos: el acondicionador Sheer Blonde Go Blonder de John Frieda est\u00e1 formulado con c\u00edtrico, manzanilla y nuestra tecnolog\u00eda BlondeMend.<br \/>\nSeguro para el cabello tratado con color. Los productos para cabello rubio de John Frieda se han desarrollado para un uso seguro en cabello natural, te\u00f1ido o con mechas.<br \/>\nMejor utilizado con champ\u00fa aclarante: combina con el champ\u00fa aclarante Sheer Blonde Go Blonder de John Frieda y el tratamiento Go Blonder en la ducha para lograr un aclarado \u00f3ptimo.<br \/>\nToma control de tu color: \u00fasalo cada vez que te laves el cabello, ya sea una vez a la semana o una vez al d\u00eda.<\/p>\n","protected":false},"excerpt":{"rendered":"<p>Acondicionador aclarante Sheer Blonde Go Blonder con nuestra tecnolog\u00eda Blondmend, 8.3 onzas, citrus y manzanilla<\/p>\n","protected":false},"featured_media":3926,"comment_status":"open","ping_status":"closed","template":"","meta":[],"product_cat":[120,118],"product_tag":[196,378,157,379,377],"_links":{"self":[{"href":"https:\/\/www.inesa.com.do\/index.php?rest_route=\/wp\/v2\/product\/3902"}],"collection":[{"href":"https:\/\/www.inesa.com.do\/index.php?rest_route=\/wp\/v2\/product"}],"about":[{"href":"https:\/\/www.inesa.com.do\/index.php?rest_route=\/wp\/v2\/types\/product"}],"replies":[{"embeddable":true,"href":"https:\/\/www.inesa.com.do\/index.php?rest_route=%2Fwp%2Fv2%2Fcomments&post=3902"}],"version-history":[{"count":1,"href":"https:\/\/www.inesa.com.do\/index.php?rest_route=\/wp\/v2\/product\/3902\/revisions"}],"predecessor-version":[{"id":3904,"href":"https:\/\/www.inesa.com.do\/index.php?rest_route=\/wp\/v2\/product\/3902\/revisions\/3904"}],"wp:featuredmedia":[{"embeddable":true,"href":"https:\/\/www.inesa.com.do\/index.php?rest_route=\/wp\/v2\/media\/3926"}],"wp:attachment":[{"href":"https:\/\/www.inesa.com.do\/index.php?rest_route=%2Fwp%2Fv2%2Fmedia&parent=3902"}],"wp:term":[{"taxonomy":"product_cat","embeddable":true,"href":"https:\/\/www.inesa.com.do\/index.php?rest_route=%2Fwp%2Fv2%2Fproduct_cat&post=3902"},{"taxonomy":"product_tag","embeddable":true,"href":"https:\/\/www.inesa.com.do\/index.php?rest_route=%2Fwp%2Fv2%2Fproduct_tag&post=3902"}],"curies":[{"name":"wp","href":"https:\/\/api.w.org\/{rel}","templated":true}]}}