{"id":3908,"date":"2021-09-21T14:10:19","date_gmt":"2021-09-21T18:10:19","guid":{"rendered":"http:\/\/www.inesa.com.do\/?post_type=product&#038;p=3908"},"modified":"2021-09-21T14:15:21","modified_gmt":"2021-09-21T18:15:21","slug":"go-blonder-controlled-lightening-spray","status":"publish","type":"product","link":"https:\/\/www.inesa.com.do\/?product=go-blonder-controlled-lightening-spray","title":{"rendered":"Go Blonder Controlled Lightening Spray"},"content":{"rendered":"<p>Logra un tono m\u00e1s claro: Aclara gradualmente el cabello rubio hasta dos tonos con nuestro espray aclarador activado por calor.<br \/>\nIngredientes activos: El espray Sheer Blond Go Blonder de John Frieda est\u00e1 formulado para tratar tu cabello con una mezcla de c\u00edtricos y manzanilla, y aclarar gradualmente para un color de aspecto natural.<br \/>\nSeguro para cabello tratado con color: Los productos para cabello rubio de John Frieda se han desarrollado para un uso seguro en cabello natural, te\u00f1ido o con mechas.<br \/>\nMejor cuando se aplica con calor: Para un aclarado \u00f3ptimo del cabello, roc\u00eda sobre el cabello h\u00famedo y utiliza una varita rizadora o plancha despu\u00e9s de secar con secadora de cabello.<br \/>\nToma control de tu color: Utilizar solo una vez entre lavados. Los resultados aparecen en 3-5 usos. Evita m\u00e1s de 10 usos entre tratamientos de color. No apto para uso en cabello oscuro o decolorado.<\/p>\n","protected":false},"excerpt":{"rendered":"<p>Espray aclarante Sheer Blonde con nuestra tecnolog\u00eda Blondmend, cabello m\u00e1s claro controlado, aclarador gradual, citrus y manzanilla<\/p>\n","protected":false},"featured_media":3909,"comment_status":"open","ping_status":"closed","template":"","meta":[],"product_cat":[118,122],"product_tag":[378,157,381,377],"_links":{"self":[{"href":"https:\/\/www.inesa.com.do\/index.php?rest_route=\/wp\/v2\/product\/3908"}],"collection":[{"href":"https:\/\/www.inesa.com.do\/index.php?rest_route=\/wp\/v2\/product"}],"about":[{"href":"https:\/\/www.inesa.com.do\/index.php?rest_route=\/wp\/v2\/types\/product"}],"replies":[{"embeddable":true,"href":"https:\/\/www.inesa.com.do\/index.php?rest_route=%2Fwp%2Fv2%2Fcomments&post=3908"}],"version-history":[{"count":1,"href":"https:\/\/www.inesa.com.do\/index.php?rest_route=\/wp\/v2\/product\/3908\/revisions"}],"predecessor-version":[{"id":3910,"href":"https:\/\/www.inesa.com.do\/index.php?rest_route=\/wp\/v2\/product\/3908\/revisions\/3910"}],"wp:featuredmedia":[{"embeddable":true,"href":"https:\/\/www.inesa.com.do\/index.php?rest_route=\/wp\/v2\/media\/3909"}],"wp:attachment":[{"href":"https:\/\/www.inesa.com.do\/index.php?rest_route=%2Fwp%2Fv2%2Fmedia&parent=3908"}],"wp:term":[{"taxonomy":"product_cat","embeddable":true,"href":"https:\/\/www.inesa.com.do\/index.php?rest_route=%2Fwp%2Fv2%2Fproduct_cat&post=3908"},{"taxonomy":"product_tag","embeddable":true,"href":"https:\/\/www.inesa.com.do\/index.php?rest_route=%2Fwp%2Fv2%2Fproduct_tag&post=3908"}],"curies":[{"name":"wp","href":"https:\/\/api.w.org\/{rel}","templated":true}]}}