{"id":3915,"date":"2021-09-21T14:19:52","date_gmt":"2021-09-21T18:19:52","guid":{"rendered":"http:\/\/www.inesa.com.do\/?post_type=product&#038;p=3915"},"modified":"2021-09-21T14:22:26","modified_gmt":"2021-09-21T18:22:26","slug":"john-frieda-violet-crush-for-blondes-conditioner","status":"publish","type":"product","link":"https:\/\/www.inesa.com.do\/?product=john-frieda-violet-crush-for-blondes-conditioner","title":{"rendered":"John Frieda Violet Crush for Blondes Conditioner"},"content":{"rendered":"<p>Elimina los tonos de lat\u00f3n \u2013 elimina tu cabello de tonos de lat\u00f3n y revive tu cabello con el acondicionador Violet Crush.<br \/>\nColor sin sal\u00f3n: el cabello rubio tratado con color y con reflejos nunca se ha visto tan brillante, fresco y fresco.<br \/>\nPigmentos de color violeta aplastado: una f\u00f3rmula avanzada con pigmentos violeta triturados, este acondicionador morado restaura e hidrata todos los tonos de cabello rubio.<br \/>\nMejor utilizado con champ\u00fa violeta Crush p\u00farpura \u2013 Uso con John Frieda Violet Crush Purple Champ\u00fa para lograr resultados \u00f3ptimos.<br \/>\nRubio m\u00e1s brillante, neutraliza los tonos de lat\u00f3n obstinados en 1 uso para rubio m\u00e1s fresco y brillante.<\/p>\n","protected":false},"excerpt":{"rendered":"<p>Violet Crush Acondicionador p\u00farpura para cabello rubio lat\u00f3n, con pigmentos violetas<\/p>\n","protected":false},"featured_media":3916,"comment_status":"open","ping_status":"closed","template":"","meta":[],"product_cat":[120,118],"product_tag":[378,157,377,58,380],"_links":{"self":[{"href":"https:\/\/www.inesa.com.do\/index.php?rest_route=\/wp\/v2\/product\/3915"}],"collection":[{"href":"https:\/\/www.inesa.com.do\/index.php?rest_route=\/wp\/v2\/product"}],"about":[{"href":"https:\/\/www.inesa.com.do\/index.php?rest_route=\/wp\/v2\/types\/product"}],"replies":[{"embeddable":true,"href":"https:\/\/www.inesa.com.do\/index.php?rest_route=%2Fwp%2Fv2%2Fcomments&post=3915"}],"version-history":[{"count":1,"href":"https:\/\/www.inesa.com.do\/index.php?rest_route=\/wp\/v2\/product\/3915\/revisions"}],"predecessor-version":[{"id":3917,"href":"https:\/\/www.inesa.com.do\/index.php?rest_route=\/wp\/v2\/product\/3915\/revisions\/3917"}],"wp:featuredmedia":[{"embeddable":true,"href":"https:\/\/www.inesa.com.do\/index.php?rest_route=\/wp\/v2\/media\/3916"}],"wp:attachment":[{"href":"https:\/\/www.inesa.com.do\/index.php?rest_route=%2Fwp%2Fv2%2Fmedia&parent=3915"}],"wp:term":[{"taxonomy":"product_cat","embeddable":true,"href":"https:\/\/www.inesa.com.do\/index.php?rest_route=%2Fwp%2Fv2%2Fproduct_cat&post=3915"},{"taxonomy":"product_tag","embeddable":true,"href":"https:\/\/www.inesa.com.do\/index.php?rest_route=%2Fwp%2Fv2%2Fproduct_tag&post=3915"}],"curies":[{"name":"wp","href":"https:\/\/api.w.org\/{rel}","templated":true}]}}