{"id":4010,"date":"2021-09-21T17:26:17","date_gmt":"2021-09-21T21:26:17","guid":{"rendered":"http:\/\/www.inesa.com.do\/?post_type=product&#038;p=4010"},"modified":"2026-02-06T20:59:39","modified_gmt":"2026-02-07T00:59:39","slug":"capilo-pro-shampoo-b-detox","status":"publish","type":"product","link":"https:\/\/www.inesa.com.do\/?product=capilo-pro-shampoo-b-detox","title":{"rendered":"Capilo Pro Shampoo B Detox"},"content":{"rendered":"<p>Elaborado a base de Carb\u00f3n Activado (Charcoal) y Menta. El Carb\u00f3n Activado es un extracto natural desintoxicante que ayuda a remover la acumulaci\u00f3n de productos y la grasa en el cuero cabelludo, manteniendo los aceites naturales del cabello. La Menta ayuda a estimular la circulaci\u00f3n sangu\u00ednea del cuero cabelludo.<\/p>\n","protected":false},"excerpt":{"rendered":"<p>Elaborado a base de Carb\u00f3n Activado (Charcoal) y Menta<\/p>\n","protected":false},"featured_media":4037,"comment_status":"open","ping_status":"closed","template":"","meta":[],"product_cat":[118,119],"product_tag":[406,282,58],"_links":{"self":[{"href":"https:\/\/www.inesa.com.do\/index.php?rest_route=\/wp\/v2\/product\/4010"}],"collection":[{"href":"https:\/\/www.inesa.com.do\/index.php?rest_route=\/wp\/v2\/product"}],"about":[{"href":"https:\/\/www.inesa.com.do\/index.php?rest_route=\/wp\/v2\/types\/product"}],"replies":[{"embeddable":true,"href":"https:\/\/www.inesa.com.do\/index.php?rest_route=%2Fwp%2Fv2%2Fcomments&post=4010"}],"version-history":[{"count":1,"href":"https:\/\/www.inesa.com.do\/index.php?rest_route=\/wp\/v2\/product\/4010\/revisions"}],"predecessor-version":[{"id":4038,"href":"https:\/\/www.inesa.com.do\/index.php?rest_route=\/wp\/v2\/product\/4010\/revisions\/4038"}],"wp:featuredmedia":[{"embeddable":true,"href":"https:\/\/www.inesa.com.do\/index.php?rest_route=\/wp\/v2\/media\/4037"}],"wp:attachment":[{"href":"https:\/\/www.inesa.com.do\/index.php?rest_route=%2Fwp%2Fv2%2Fmedia&parent=4010"}],"wp:term":[{"taxonomy":"product_cat","embeddable":true,"href":"https:\/\/www.inesa.com.do\/index.php?rest_route=%2Fwp%2Fv2%2Fproduct_cat&post=4010"},{"taxonomy":"product_tag","embeddable":true,"href":"https:\/\/www.inesa.com.do\/index.php?rest_route=%2Fwp%2Fv2%2Fproduct_tag&post=4010"}],"curies":[{"name":"wp","href":"https:\/\/api.w.org\/{rel}","templated":true}]}}