{"id":4025,"date":"2021-09-21T17:43:03","date_gmt":"2021-09-21T21:43:03","guid":{"rendered":"http:\/\/www.inesa.com.do\/?post_type=product&#038;p=4025"},"modified":"2024-03-23T19:18:31","modified_gmt":"2024-03-23T23:18:31","slug":"capilo-pro-ampolla-fuerza-b-natural","status":"publish","type":"product","link":"https:\/\/www.inesa.com.do\/?product=capilo-pro-ampolla-fuerza-b-natural","title":{"rendered":"Capilo Pro Ampolla Fuerza B Natural"},"content":{"rendered":"<p>A base de Manteca de Cacao y Aceite de Coco. Proporciona una hidrataci\u00f3n profunda para Cabello Natural y Afro.<\/p>\n<p>Libre de Sulfato, Parabenos, Sal, Aceite Mineral y Siliconas.<\/p>\n","protected":false},"excerpt":{"rendered":"<p>Act\u00faa como un acondicionador profundo que fortalecer\u00e1 cada hebra de cabello, dej\u00e1ndolo suave y sedoso.<\/p>\n","protected":false},"featured_media":4026,"comment_status":"open","ping_status":"closed","template":"","meta":[],"product_cat":[405,118],"product_tag":[401,396,398,397,241,224],"_links":{"self":[{"href":"https:\/\/www.inesa.com.do\/index.php?rest_route=\/wp\/v2\/product\/4025"}],"collection":[{"href":"https:\/\/www.inesa.com.do\/index.php?rest_route=\/wp\/v2\/product"}],"about":[{"href":"https:\/\/www.inesa.com.do\/index.php?rest_route=\/wp\/v2\/types\/product"}],"replies":[{"embeddable":true,"href":"https:\/\/www.inesa.com.do\/index.php?rest_route=%2Fwp%2Fv2%2Fcomments&post=4025"}],"version-history":[{"count":1,"href":"https:\/\/www.inesa.com.do\/index.php?rest_route=\/wp\/v2\/product\/4025\/revisions"}],"predecessor-version":[{"id":4027,"href":"https:\/\/www.inesa.com.do\/index.php?rest_route=\/wp\/v2\/product\/4025\/revisions\/4027"}],"wp:featuredmedia":[{"embeddable":true,"href":"https:\/\/www.inesa.com.do\/index.php?rest_route=\/wp\/v2\/media\/4026"}],"wp:attachment":[{"href":"https:\/\/www.inesa.com.do\/index.php?rest_route=%2Fwp%2Fv2%2Fmedia&parent=4025"}],"wp:term":[{"taxonomy":"product_cat","embeddable":true,"href":"https:\/\/www.inesa.com.do\/index.php?rest_route=%2Fwp%2Fv2%2Fproduct_cat&post=4025"},{"taxonomy":"product_tag","embeddable":true,"href":"https:\/\/www.inesa.com.do\/index.php?rest_route=%2Fwp%2Fv2%2Fproduct_tag&post=4025"}],"curies":[{"name":"wp","href":"https:\/\/api.w.org\/{rel}","templated":true}]}}