{"id":4031,"date":"2021-09-21T17:47:19","date_gmt":"2021-09-21T21:47:19","guid":{"rendered":"http:\/\/www.inesa.com.do\/?post_type=product&#038;p=4031"},"modified":"2021-09-21T17:49:40","modified_gmt":"2021-09-21T21:49:40","slug":"capilo-pro-shampoo-control-caspa-b-natural","status":"publish","type":"product","link":"https:\/\/www.inesa.com.do\/?product=capilo-pro-shampoo-control-caspa-b-natural","title":{"rendered":"Capilo Pro Shampoo Control Caspa  B Natural"},"content":{"rendered":"<p>Est\u00e1 elaborado con ingredientes naturales que promueven la limpieza profunda del cuero cabelludo. Ayuda a prevenir la picaz\u00f3n, irritaci\u00f3n y aparici\u00f3n de escamas y mantiene el equilibrio del PH en tu cabello. A base de coco y manteca de cacao, ayuda a fortalecer, nutrir y suavizar la fibra capilar, aportando hidrataci\u00f3n y suavidad.<\/p>\n","protected":false},"excerpt":{"rendered":"<p>Ayuda a prevenir la picaz\u00f3n, irritaci\u00f3n y aparici\u00f3n de escamas y mantiene el equilibrio del PH en tu cabello<\/p>\n","protected":false},"featured_media":4032,"comment_status":"open","ping_status":"closed","template":"","meta":[],"product_cat":[118,119],"product_tag":[401,396,398,397,241,402,224],"_links":{"self":[{"href":"https:\/\/www.inesa.com.do\/index.php?rest_route=\/wp\/v2\/product\/4031"}],"collection":[{"href":"https:\/\/www.inesa.com.do\/index.php?rest_route=\/wp\/v2\/product"}],"about":[{"href":"https:\/\/www.inesa.com.do\/index.php?rest_route=\/wp\/v2\/types\/product"}],"replies":[{"embeddable":true,"href":"https:\/\/www.inesa.com.do\/index.php?rest_route=%2Fwp%2Fv2%2Fcomments&post=4031"}],"version-history":[{"count":1,"href":"https:\/\/www.inesa.com.do\/index.php?rest_route=\/wp\/v2\/product\/4031\/revisions"}],"predecessor-version":[{"id":4033,"href":"https:\/\/www.inesa.com.do\/index.php?rest_route=\/wp\/v2\/product\/4031\/revisions\/4033"}],"wp:featuredmedia":[{"embeddable":true,"href":"https:\/\/www.inesa.com.do\/index.php?rest_route=\/wp\/v2\/media\/4032"}],"wp:attachment":[{"href":"https:\/\/www.inesa.com.do\/index.php?rest_route=%2Fwp%2Fv2%2Fmedia&parent=4031"}],"wp:term":[{"taxonomy":"product_cat","embeddable":true,"href":"https:\/\/www.inesa.com.do\/index.php?rest_route=%2Fwp%2Fv2%2Fproduct_cat&post=4031"},{"taxonomy":"product_tag","embeddable":true,"href":"https:\/\/www.inesa.com.do\/index.php?rest_route=%2Fwp%2Fv2%2Fproduct_tag&post=4031"}],"curies":[{"name":"wp","href":"https:\/\/api.w.org\/{rel}","templated":true}]}}