{"id":4034,"date":"2021-09-21T17:50:46","date_gmt":"2021-09-21T21:50:46","guid":{"rendered":"http:\/\/www.inesa.com.do\/?post_type=product&#038;p=4034"},"modified":"2022-07-28T00:01:44","modified_gmt":"2022-07-28T04:01:44","slug":"capilo-pro-styling-gel-b-natural","status":"publish","type":"product","link":"https:\/\/www.inesa.com.do\/?product=capilo-pro-styling-gel-b-natural","title":{"rendered":"Capilo Pro Styling Gel B Natural"},"content":{"rendered":"<p>Est\u00e1 elaborado con ingredientes naturales como el Aloe y Aceite de Coco que agregan hidrataci\u00f3n y suavidad a la hebra del cabello. Proporcionan definici\u00f3n y brillo a tus\u00a0rizos. Te ayuda de una forma m\u00e1s f\u00e1cil a lograr el peinado que deseas. No deja residuos.<\/p>\n","protected":false},"excerpt":{"rendered":"<p>Proporcionan definici\u00f3n y brillo a tus\u00a0rizos<\/p>\n","protected":false},"featured_media":4528,"comment_status":"open","ping_status":"closed","template":"","meta":[],"product_cat":[118,404],"product_tag":[396,398,397,241,403,224],"_links":{"self":[{"href":"https:\/\/www.inesa.com.do\/index.php?rest_route=\/wp\/v2\/product\/4034"}],"collection":[{"href":"https:\/\/www.inesa.com.do\/index.php?rest_route=\/wp\/v2\/product"}],"about":[{"href":"https:\/\/www.inesa.com.do\/index.php?rest_route=\/wp\/v2\/types\/product"}],"replies":[{"embeddable":true,"href":"https:\/\/www.inesa.com.do\/index.php?rest_route=%2Fwp%2Fv2%2Fcomments&post=4034"}],"version-history":[{"count":1,"href":"https:\/\/www.inesa.com.do\/index.php?rest_route=\/wp\/v2\/product\/4034\/revisions"}],"predecessor-version":[{"id":4036,"href":"https:\/\/www.inesa.com.do\/index.php?rest_route=\/wp\/v2\/product\/4034\/revisions\/4036"}],"wp:featuredmedia":[{"embeddable":true,"href":"https:\/\/www.inesa.com.do\/index.php?rest_route=\/wp\/v2\/media\/4528"}],"wp:attachment":[{"href":"https:\/\/www.inesa.com.do\/index.php?rest_route=%2Fwp%2Fv2%2Fmedia&parent=4034"}],"wp:term":[{"taxonomy":"product_cat","embeddable":true,"href":"https:\/\/www.inesa.com.do\/index.php?rest_route=%2Fwp%2Fv2%2Fproduct_cat&post=4034"},{"taxonomy":"product_tag","embeddable":true,"href":"https:\/\/www.inesa.com.do\/index.php?rest_route=%2Fwp%2Fv2%2Fproduct_tag&post=4034"}],"curies":[{"name":"wp","href":"https:\/\/api.w.org\/{rel}","templated":true}]}}