{"id":4042,"date":"2021-09-21T18:00:48","date_gmt":"2021-09-21T22:00:48","guid":{"rendered":"http:\/\/www.inesa.com.do\/?post_type=product&#038;p=4042"},"modified":"2021-09-21T19:17:29","modified_gmt":"2021-09-21T23:17:29","slug":"capilo-pro-mascarilla-b-detox","status":"publish","type":"product","link":"https:\/\/www.inesa.com.do\/?product=capilo-pro-mascarilla-b-detox","title":{"rendered":"Capilo Pro Mascarilla B Detox"},"content":{"rendered":"<p>Elaborado a base de ingredientes naturales como el Carb\u00f3n Activado (Charcoal), Aceite de Coco y Extracto de Hamamelis, que ayudan a la reparaci\u00f3n extrema y nutrici\u00f3n del cabello.<\/p>\n","protected":false},"excerpt":{"rendered":"<p>Elaborado a base de Carb\u00f3n Activado (Charcoal) y Menta<\/p>\n","protected":false},"featured_media":4043,"comment_status":"open","ping_status":"closed","template":"","meta":[],"product_cat":[118,121],"product_tag":[406,282,58],"_links":{"self":[{"href":"https:\/\/www.inesa.com.do\/index.php?rest_route=\/wp\/v2\/product\/4042"}],"collection":[{"href":"https:\/\/www.inesa.com.do\/index.php?rest_route=\/wp\/v2\/product"}],"about":[{"href":"https:\/\/www.inesa.com.do\/index.php?rest_route=\/wp\/v2\/types\/product"}],"replies":[{"embeddable":true,"href":"https:\/\/www.inesa.com.do\/index.php?rest_route=%2Fwp%2Fv2%2Fcomments&post=4042"}],"version-history":[{"count":1,"href":"https:\/\/www.inesa.com.do\/index.php?rest_route=\/wp\/v2\/product\/4042\/revisions"}],"predecessor-version":[{"id":4044,"href":"https:\/\/www.inesa.com.do\/index.php?rest_route=\/wp\/v2\/product\/4042\/revisions\/4044"}],"wp:featuredmedia":[{"embeddable":true,"href":"https:\/\/www.inesa.com.do\/index.php?rest_route=\/wp\/v2\/media\/4043"}],"wp:attachment":[{"href":"https:\/\/www.inesa.com.do\/index.php?rest_route=%2Fwp%2Fv2%2Fmedia&parent=4042"}],"wp:term":[{"taxonomy":"product_cat","embeddable":true,"href":"https:\/\/www.inesa.com.do\/index.php?rest_route=%2Fwp%2Fv2%2Fproduct_cat&post=4042"},{"taxonomy":"product_tag","embeddable":true,"href":"https:\/\/www.inesa.com.do\/index.php?rest_route=%2Fwp%2Fv2%2Fproduct_tag&post=4042"}],"curies":[{"name":"wp","href":"https:\/\/api.w.org\/{rel}","templated":true}]}}