{"id":4066,"date":"2021-09-21T18:47:50","date_gmt":"2021-09-21T22:47:50","guid":{"rendered":"http:\/\/www.inesa.com.do\/?post_type=product&#038;p=4066"},"modified":"2021-09-21T18:57:53","modified_gmt":"2021-09-21T22:57:53","slug":"capilo-pro-leave-in-o-b-straight","status":"publish","type":"product","link":"https:\/\/www.inesa.com.do\/?product=capilo-pro-leave-in-o-b-straight","title":{"rendered":"Capilo Pro Leave in  B-Straight"},"content":{"rendered":"<p>\u00bfPor qu\u00e9 Jojoba? El Aceite de Jojoba tiene propiedades hidratantes, es un controlador de frizz por excelencia. Reduce el encrespamiento, aporta brillo y volumen capilar. Es rico en Vitamina E y B. \u00bfPor qu\u00e9 C\u00e1\u00f1amo? El Aceite de C\u00e1\u00f1amo nutre e hidrata profundamente el cabello. Fortalece los fol\u00edculos capilares y ayuda a lacear el mismo. Aporta suavidad y brillo.<\/p>\n","protected":false},"excerpt":{"rendered":"<p>Reduce el encrespamiento, aporta brillo y volumen capilar. Es rico en Vitamina E y B.<\/p>\n","protected":false},"featured_media":4067,"comment_status":"open","ping_status":"closed","template":"","meta":[],"product_cat":[118,400],"product_tag":[397,243,414],"_links":{"self":[{"href":"https:\/\/www.inesa.com.do\/index.php?rest_route=\/wp\/v2\/product\/4066"}],"collection":[{"href":"https:\/\/www.inesa.com.do\/index.php?rest_route=\/wp\/v2\/product"}],"about":[{"href":"https:\/\/www.inesa.com.do\/index.php?rest_route=\/wp\/v2\/types\/product"}],"replies":[{"embeddable":true,"href":"https:\/\/www.inesa.com.do\/index.php?rest_route=%2Fwp%2Fv2%2Fcomments&post=4066"}],"version-history":[{"count":2,"href":"https:\/\/www.inesa.com.do\/index.php?rest_route=\/wp\/v2\/product\/4066\/revisions"}],"predecessor-version":[{"id":4076,"href":"https:\/\/www.inesa.com.do\/index.php?rest_route=\/wp\/v2\/product\/4066\/revisions\/4076"}],"wp:featuredmedia":[{"embeddable":true,"href":"https:\/\/www.inesa.com.do\/index.php?rest_route=\/wp\/v2\/media\/4067"}],"wp:attachment":[{"href":"https:\/\/www.inesa.com.do\/index.php?rest_route=%2Fwp%2Fv2%2Fmedia&parent=4066"}],"wp:term":[{"taxonomy":"product_cat","embeddable":true,"href":"https:\/\/www.inesa.com.do\/index.php?rest_route=%2Fwp%2Fv2%2Fproduct_cat&post=4066"},{"taxonomy":"product_tag","embeddable":true,"href":"https:\/\/www.inesa.com.do\/index.php?rest_route=%2Fwp%2Fv2%2Fproduct_tag&post=4066"}],"curies":[{"name":"wp","href":"https:\/\/api.w.org\/{rel}","templated":true}]}}