{"id":4085,"date":"2021-09-21T19:06:14","date_gmt":"2021-09-21T23:06:14","guid":{"rendered":"http:\/\/www.inesa.com.do\/?post_type=product&#038;p=4085"},"modified":"2021-09-21T19:07:34","modified_gmt":"2021-09-21T23:07:34","slug":"capilo-pro-leave-in-b-healthy","status":"publish","type":"product","link":"https:\/\/www.inesa.com.do\/?product=capilo-pro-leave-in-b-healthy","title":{"rendered":"Capilo Pro Leave in B Healthy"},"content":{"rendered":"<p>\u00bfPor qu\u00e9 Aceite de Arg\u00e1n? Es rico en \u00e1cidos grasos insaturados y antioxidantes naturales que fortalecen y protegen la estructura del cabello, manteniendo un cabello saludable y fuerte.<\/p>\n<p>\u00bfPor qu\u00e9 Aceite de Coco? El Aceite de Coco es un acondicionador natural del cabello, nutre el cabello y el cuero cabelludo proporcionando suavidad y brillo y estimulando el crecimiento del cabello<\/p>\n","protected":false},"excerpt":{"rendered":"<p>Leave in para hidratar para cabello maltratado<\/p>\n","protected":false},"featured_media":4086,"comment_status":"open","ping_status":"closed","template":"","meta":[],"product_cat":[118,400],"product_tag":[383,327,416,415,241,162,58],"_links":{"self":[{"href":"https:\/\/www.inesa.com.do\/index.php?rest_route=\/wp\/v2\/product\/4085"}],"collection":[{"href":"https:\/\/www.inesa.com.do\/index.php?rest_route=\/wp\/v2\/product"}],"about":[{"href":"https:\/\/www.inesa.com.do\/index.php?rest_route=\/wp\/v2\/types\/product"}],"replies":[{"embeddable":true,"href":"https:\/\/www.inesa.com.do\/index.php?rest_route=%2Fwp%2Fv2%2Fcomments&post=4085"}],"version-history":[{"count":1,"href":"https:\/\/www.inesa.com.do\/index.php?rest_route=\/wp\/v2\/product\/4085\/revisions"}],"predecessor-version":[{"id":4087,"href":"https:\/\/www.inesa.com.do\/index.php?rest_route=\/wp\/v2\/product\/4085\/revisions\/4087"}],"wp:featuredmedia":[{"embeddable":true,"href":"https:\/\/www.inesa.com.do\/index.php?rest_route=\/wp\/v2\/media\/4086"}],"wp:attachment":[{"href":"https:\/\/www.inesa.com.do\/index.php?rest_route=%2Fwp%2Fv2%2Fmedia&parent=4085"}],"wp:term":[{"taxonomy":"product_cat","embeddable":true,"href":"https:\/\/www.inesa.com.do\/index.php?rest_route=%2Fwp%2Fv2%2Fproduct_cat&post=4085"},{"taxonomy":"product_tag","embeddable":true,"href":"https:\/\/www.inesa.com.do\/index.php?rest_route=%2Fwp%2Fv2%2Fproduct_tag&post=4085"}],"curies":[{"name":"wp","href":"https:\/\/api.w.org\/{rel}","templated":true}]}}