{"id":4146,"date":"2021-09-22T12:22:15","date_gmt":"2021-09-22T16:22:15","guid":{"rendered":"http:\/\/www.inesa.com.do\/?post_type=product&#038;p=4146"},"modified":"2022-07-27T22:53:52","modified_gmt":"2022-07-28T02:53:52","slug":"gentleman-district-gel-de-cabello","status":"publish","type":"product","link":"https:\/\/www.inesa.com.do\/?product=gentleman-district-gel-de-cabello","title":{"rendered":"Gentleman District Gel de Cabello"},"content":{"rendered":"<p>Elaborado con ingredientes naturales como Aloe Vera y Coco que agregan hidrataci\u00f3n, suavidad y fijaci\u00f3n ligera a la hebra del cabello. Te ayuda de una forma m\u00e1s f\u00e1cil a lograr el peinado que deseas. No deja residuos.<\/p>\n","protected":false},"excerpt":{"rendered":"<p>Agregan hidrataci\u00f3n, suavidad y fijaci\u00f3n ligera a la hebra del cabello<\/p>\n","protected":false},"featured_media":4500,"comment_status":"open","ping_status":"closed","template":"","meta":[],"product_cat":[118,404],"product_tag":[403,343,344,463,232],"_links":{"self":[{"href":"https:\/\/www.inesa.com.do\/index.php?rest_route=\/wp\/v2\/product\/4146"}],"collection":[{"href":"https:\/\/www.inesa.com.do\/index.php?rest_route=\/wp\/v2\/product"}],"about":[{"href":"https:\/\/www.inesa.com.do\/index.php?rest_route=\/wp\/v2\/types\/product"}],"replies":[{"embeddable":true,"href":"https:\/\/www.inesa.com.do\/index.php?rest_route=%2Fwp%2Fv2%2Fcomments&post=4146"}],"version-history":[{"count":3,"href":"https:\/\/www.inesa.com.do\/index.php?rest_route=\/wp\/v2\/product\/4146\/revisions"}],"predecessor-version":[{"id":4502,"href":"https:\/\/www.inesa.com.do\/index.php?rest_route=\/wp\/v2\/product\/4146\/revisions\/4502"}],"wp:featuredmedia":[{"embeddable":true,"href":"https:\/\/www.inesa.com.do\/index.php?rest_route=\/wp\/v2\/media\/4500"}],"wp:attachment":[{"href":"https:\/\/www.inesa.com.do\/index.php?rest_route=%2Fwp%2Fv2%2Fmedia&parent=4146"}],"wp:term":[{"taxonomy":"product_cat","embeddable":true,"href":"https:\/\/www.inesa.com.do\/index.php?rest_route=%2Fwp%2Fv2%2Fproduct_cat&post=4146"},{"taxonomy":"product_tag","embeddable":true,"href":"https:\/\/www.inesa.com.do\/index.php?rest_route=%2Fwp%2Fv2%2Fproduct_tag&post=4146"}],"curies":[{"name":"wp","href":"https:\/\/api.w.org\/{rel}","templated":true}]}}