{"id":4154,"date":"2021-09-22T13:05:24","date_gmt":"2021-09-22T17:05:24","guid":{"rendered":"http:\/\/www.inesa.com.do\/?post_type=product&#038;p=4154"},"modified":"2026-03-12T17:36:32","modified_gmt":"2026-03-12T21:36:32","slug":"milani-base-screen-queen","status":"publish","type":"product","link":"https:\/\/www.inesa.com.do\/?product=milani-base-screen-queen","title":{"rendered":"Milani Base Screen Queen"},"content":{"rendered":"<p>SABIAS QUE LA LUZ AZUL DE TUS PANTALLAS AFECTA TU CARA??<br \/>\nSube de nivel el cuidado de tu piel frente a la luz azul con nuestra nueva base Screen Queen.<br \/>\nDesarrollada para crear un look natural de piel perfecta, un \u201cYo me despierto asi\u201d, esta base de cobertura mucho m\u00e1s ligera a media, construible combina a la perfecci\u00f3n y difumina las imperfecciones para un acabado de piel uniforme, luminoso y natural.<br \/>\nFabricada con tecnolog\u00eda Digital Bluelight Filter \u2122, esta f\u00f3rmula \u00fanica en su tipo, ayuda a combatir los signos de da\u00f1o digital: opacidad, decoloraci\u00f3n e hiperpigmentaci\u00f3n, para mantener la piel en su punto sin importar cu\u00e1nto tiempo pasen frente a la pantalla.<br \/>\nResultados probados *:<br \/>\n100% esta de acuerdo que la piel se ve naturalmente luminosa.<br \/>\nEl 97% est\u00e1 de acuerdo en que la piel se ve m\u00e1s despierta y revitalizada.<br \/>\nEl 97% est\u00e1 de acuerdo en que su piel tiene un brillo juvenil.<br \/>\nEl 94% est\u00e1 de acuerdo en que la piel luce iluminada y la tez impecable.<\/p>\n<p>* RESULTADOS OBSERVADOS EN UNA ENCUESTA DEL PANEL DE CONSUMIDORES<\/p>\n","protected":false},"excerpt":{"rendered":"<p>Para crear un look natural de piel perfecta<\/p>\n","protected":false},"featured_media":4155,"comment_status":"open","ping_status":"closed","template":"","meta":[],"product_cat":[477,48],"product_tag":[153,478,479],"_links":{"self":[{"href":"https:\/\/www.inesa.com.do\/index.php?rest_route=\/wp\/v2\/product\/4154"}],"collection":[{"href":"https:\/\/www.inesa.com.do\/index.php?rest_route=\/wp\/v2\/product"}],"about":[{"href":"https:\/\/www.inesa.com.do\/index.php?rest_route=\/wp\/v2\/types\/product"}],"replies":[{"embeddable":true,"href":"https:\/\/www.inesa.com.do\/index.php?rest_route=%2Fwp%2Fv2%2Fcomments&post=4154"}],"version-history":[{"count":1,"href":"https:\/\/www.inesa.com.do\/index.php?rest_route=\/wp\/v2\/product\/4154\/revisions"}],"predecessor-version":[{"id":4168,"href":"https:\/\/www.inesa.com.do\/index.php?rest_route=\/wp\/v2\/product\/4154\/revisions\/4168"}],"wp:featuredmedia":[{"embeddable":true,"href":"https:\/\/www.inesa.com.do\/index.php?rest_route=\/wp\/v2\/media\/4155"}],"wp:attachment":[{"href":"https:\/\/www.inesa.com.do\/index.php?rest_route=%2Fwp%2Fv2%2Fmedia&parent=4154"}],"wp:term":[{"taxonomy":"product_cat","embeddable":true,"href":"https:\/\/www.inesa.com.do\/index.php?rest_route=%2Fwp%2Fv2%2Fproduct_cat&post=4154"},{"taxonomy":"product_tag","embeddable":true,"href":"https:\/\/www.inesa.com.do\/index.php?rest_route=%2Fwp%2Fv2%2Fproduct_tag&post=4154"}],"curies":[{"name":"wp","href":"https:\/\/api.w.org\/{rel}","templated":true}]}}