{"id":4213,"date":"2021-09-22T17:02:58","date_gmt":"2021-09-22T21:02:58","guid":{"rendered":"http:\/\/www.inesa.com.do\/?post_type=product&#038;p=4213"},"modified":"2023-12-31T06:48:55","modified_gmt":"2023-12-31T10:48:55","slug":"milani-conceal-perfect-smooth-finish-cream-to-powder-foundation","status":"publish","type":"product","link":"https:\/\/www.inesa.com.do\/?product=milani-conceal-perfect-smooth-finish-cream-to-powder-foundation","title":{"rendered":"Milani Conceal Perfect Smooth Finish Cream to Powder Foundation"},"content":{"rendered":"<p>Milani Conceal + Perfect Smooth Finish Cream-to-Powder Foundation est\u00e1 de regreso y mejor que nunca!<\/p>\n<p>Este perfeccionador de tez imprescindible se desliza como una crema y se transforma m\u00e1gicamente en una base de maquillaje en polvo difusora, de cobertura total edificable con un acabado mate suave listo para la c\u00e1mara.<\/p>\n<p>Elaborado con extractos de Lila y Bamboo para controlar la grasa y el brillo hasta 16 horas.<br \/>\nLa f\u00f3rmula de larga duraci\u00f3n es resistente al sudor y al agua para mantener la piel en su punto no importa lo que hagas en tu d\u00eda a d\u00eda. Las vitaminas A y E ricas en antioxidantes y el t\u00e9 verde ayudan a proteger la piel.<\/p>\n","protected":false},"excerpt":{"rendered":"<p>Perfeccionador de tez imprescindible se desliza como una crema<\/p>\n","protected":false},"featured_media":4214,"comment_status":"open","ping_status":"closed","template":"","meta":[],"product_cat":[48,150],"product_tag":[519,478,520,517,521,479,145,516,518,522,523],"_links":{"self":[{"href":"https:\/\/www.inesa.com.do\/index.php?rest_route=\/wp\/v2\/product\/4213"}],"collection":[{"href":"https:\/\/www.inesa.com.do\/index.php?rest_route=\/wp\/v2\/product"}],"about":[{"href":"https:\/\/www.inesa.com.do\/index.php?rest_route=\/wp\/v2\/types\/product"}],"replies":[{"embeddable":true,"href":"https:\/\/www.inesa.com.do\/index.php?rest_route=%2Fwp%2Fv2%2Fcomments&post=4213"}],"version-history":[{"count":1,"href":"https:\/\/www.inesa.com.do\/index.php?rest_route=\/wp\/v2\/product\/4213\/revisions"}],"predecessor-version":[{"id":4216,"href":"https:\/\/www.inesa.com.do\/index.php?rest_route=\/wp\/v2\/product\/4213\/revisions\/4216"}],"wp:featuredmedia":[{"embeddable":true,"href":"https:\/\/www.inesa.com.do\/index.php?rest_route=\/wp\/v2\/media\/4214"}],"wp:attachment":[{"href":"https:\/\/www.inesa.com.do\/index.php?rest_route=%2Fwp%2Fv2%2Fmedia&parent=4213"}],"wp:term":[{"taxonomy":"product_cat","embeddable":true,"href":"https:\/\/www.inesa.com.do\/index.php?rest_route=%2Fwp%2Fv2%2Fproduct_cat&post=4213"},{"taxonomy":"product_tag","embeddable":true,"href":"https:\/\/www.inesa.com.do\/index.php?rest_route=%2Fwp%2Fv2%2Fproduct_tag&post=4213"}],"curies":[{"name":"wp","href":"https:\/\/api.w.org\/{rel}","templated":true}]}}