{"id":4392,"date":"2022-07-27T16:10:16","date_gmt":"2022-07-27T20:10:16","guid":{"rendered":"http:\/\/www.inesa.com.do\/?post_type=product&#038;p=4392"},"modified":"2022-07-27T16:12:16","modified_gmt":"2022-07-27T20:12:16","slug":"daily-nourishment-leave-in-conditioner","status":"publish","type":"product","link":"https:\/\/www.inesa.com.do\/?product=daily-nourishment-leave-in-conditioner","title":{"rendered":"Daily Nourishment Leave-In Conditioner"},"content":{"rendered":"<p>Hidrata y suaviza el cabello seco y rebelde. Repone la humedad y repele el frizz. Con nutrientes vitales y prote\u00edna de seda, crea una barrera para ayudar a sellar la hidrataci\u00f3n esencial y bloquear la humedad. Ayuda a revitalizar el cabello del da\u00f1o causado por el peinado con herramientas de calor. Seguro para el cabello te\u00f1ido.<\/p>\n","protected":false},"excerpt":{"rendered":"<p>Repone la humedad y repele el frizz.<\/p>\n","protected":false},"featured_media":4393,"comment_status":"open","ping_status":"closed","template":"","meta":[],"product_cat":[120,118,400],"product_tag":[347,157,526],"_links":{"self":[{"href":"https:\/\/www.inesa.com.do\/index.php?rest_route=\/wp\/v2\/product\/4392"}],"collection":[{"href":"https:\/\/www.inesa.com.do\/index.php?rest_route=\/wp\/v2\/product"}],"about":[{"href":"https:\/\/www.inesa.com.do\/index.php?rest_route=\/wp\/v2\/types\/product"}],"replies":[{"embeddable":true,"href":"https:\/\/www.inesa.com.do\/index.php?rest_route=%2Fwp%2Fv2%2Fcomments&post=4392"}],"version-history":[{"count":1,"href":"https:\/\/www.inesa.com.do\/index.php?rest_route=\/wp\/v2\/product\/4392\/revisions"}],"predecessor-version":[{"id":4394,"href":"https:\/\/www.inesa.com.do\/index.php?rest_route=\/wp\/v2\/product\/4392\/revisions\/4394"}],"wp:featuredmedia":[{"embeddable":true,"href":"https:\/\/www.inesa.com.do\/index.php?rest_route=\/wp\/v2\/media\/4393"}],"wp:attachment":[{"href":"https:\/\/www.inesa.com.do\/index.php?rest_route=%2Fwp%2Fv2%2Fmedia&parent=4392"}],"wp:term":[{"taxonomy":"product_cat","embeddable":true,"href":"https:\/\/www.inesa.com.do\/index.php?rest_route=%2Fwp%2Fv2%2Fproduct_cat&post=4392"},{"taxonomy":"product_tag","embeddable":true,"href":"https:\/\/www.inesa.com.do\/index.php?rest_route=%2Fwp%2Fv2%2Fproduct_tag&post=4392"}],"curies":[{"name":"wp","href":"https:\/\/api.w.org\/{rel}","templated":true}]}}